{"id":521,"date":"2025-02-06T18:06:20","date_gmt":"2025-02-06T17:06:20","guid":{"rendered":"https:\/\/xdhydraulic.com\/sobre-nosaltres\/"},"modified":"2025-02-06T18:06:20","modified_gmt":"2025-02-06T17:06:20","slug":"sobre-nosaltres","status":"publish","type":"page","link":"https:\/\/xdhydraulic.com\/ca\/sobre-nosaltres\/","title":{"rendered":"SOBRE NOSALTRES"},"content":{"rendered":"<p>[et_pb_section fb_built=&#8221;1&#8243; admin_label=&#8221;Header&#8221; _builder_version=&#8221;4.27.4&#8243; _module_preset=&#8221;default&#8221; use_background_color_gradient=&#8221;on&#8221; background_color_gradient_stops=&#8221;#f2f0eb 0%|rgba(242,240,235,0) 100%&#8221; background_color_gradient_overlays_image=&#8221;on&#8221; background_image=&#8221;https:\/\/xdhydraulic.com\/wp-content\/uploads\/2025\/03\/AdobeStock_580598618-scaled.jpeg&#8221; custom_padding=&#8221;8vw||0vw||false|false&#8221; border_radii=&#8221;off||||&#8221; collapsed=&#8221;on&#8221; global_colors_info=&#8221;{}&#8221;][et_pb_row _builder_version=&#8221;4.24.0&#8243; _module_preset=&#8221;default&#8221; max_width=&#8221;1800px&#8221; global_colors_info=&#8221;{}&#8221;][et_pb_column type=&#8221;4_4&#8243; _builder_version=&#8221;4.22.0&#8243; _module_preset=&#8221;default&#8221; global_colors_info=&#8221;{}&#8221;][et_pb_text _builder_version=&#8221;4.27.4&#8243; _module_preset=&#8221;d92fdc3e-c221-4940-8201-d4c4d6f771f2&#8243; max_width=&#8221;1440px&#8221; custom_margin=&#8221;||||false|false&#8221; header_font_size_phone=&#8221;35px&#8221; global_colors_info=&#8221;{}&#8221;]<\/p>\n<h1 style=\"text-align: center;\">Sobre Nosaltres<\/h1>\n<p>&nbsp;<\/p>\n<p>[\/et_pb_text][\/et_pb_column][\/et_pb_row][\/et_pb_section][et_pb_section fb_built=&#8221;1&#8243; admin_label=&#8221;About&#8221; _builder_version=&#8221;4.24.0&#8243; _module_preset=&#8221;default&#8221; collapsed=&#8221;on&#8221; global_colors_info=&#8221;{}&#8221;][et_pb_row _builder_version=&#8221;4.24.0&#8243; _module_preset=&#8221;default&#8221; max_width=&#8221;1800px&#8221; global_colors_info=&#8221;{}&#8221;][et_pb_column type=&#8221;4_4&#8243; _builder_version=&#8221;4.22.0&#8243; _module_preset=&#8221;default&#8221; global_colors_info=&#8221;{}&#8221;][et_pb_text _builder_version=&#8221;4.27.4&#8243; _module_preset=&#8221;fe89140c-f05e-476d-82dd-07d31efb5880&#8243; global_colors_info=&#8221;{}&#8221;]<\/p>\n<h2 style=\"text-align: center;\">Especialistes en solucions hidr\u00e0uliques<\/h2>\n<p>[\/et_pb_text][\/et_pb_column][\/et_pb_row][et_pb_row column_structure=&#8221;1_2,1_2&#8243; _builder_version=&#8221;4.27.4&#8243; _module_preset=&#8221;default&#8221; custom_margin=&#8221;-18px|auto||auto||&#8221; custom_padding=&#8221;12px|||||&#8221; global_colors_info=&#8221;{}&#8221;][et_pb_column type=&#8221;1_2&#8243; _builder_version=&#8221;4.27.4&#8243; _module_preset=&#8221;default&#8221; global_colors_info=&#8221;{}&#8221;][et_pb_text _builder_version=&#8221;4.27.4&#8243; _module_preset=&#8221;default&#8221; text_font_size=&#8221;16px&#8221; global_colors_info=&#8221;{}&#8221;]<\/p>\n<p style=\"text-align: justify;\">En <strong data-start=\"155\" data-end=\"177\">Ekisde Hidraulikat<\/strong>, som una empresa l\u00edder en el disseny, fabricaci\u00f3 i manteniment de <strong>cilindres hidr\u00e0ulics i equips oleohidr\u00e1ulicos.<\/strong> La nostra experi\u00e8ncia i comprom\u00eds amb la innovaci\u00f3 ens han perm\u00e8s desenvolupar solucions per als sectors m\u00e9s exigents, com: <\/p>\n<p style=\"text-align: justify;\">\u2714 <strong>Sider\u00fargia<\/strong><br \/>\u2714 <strong>Mineria<\/strong><br \/>\u2714 <strong>Obres p\u00fabliques<\/strong><br \/>\u2714 <strong>Construcci\u00f3 naval<\/strong><br \/>\u2714 <strong>Maquin\u00e0ria industrial<\/strong><\/p>\n<p style=\"text-align: justify;\">La nostra gamma de cilindres \u00e9s \u00e0mplia tant en grand\u00e0ria com en aplicacions, dissenyats per a suportar els treballs m\u00e9s severs. <strong>Adaptem el disseny i la construcci\u00f3 a les necessitats de cada client i cada cas particular,<\/strong> garantint productes d&#8217;alt rendiment i durabilitat.<\/p>\n<p>[\/et_pb_text][\/et_pb_column][et_pb_column type=&#8221;1_2&#8243; _builder_version=&#8221;4.27.4&#8243; _module_preset=&#8221;default&#8221; global_colors_info=&#8221;{}&#8221;][et_pb_image src=&#8221;https:\/\/xdhydraulic.com\/wp-content\/uploads\/2025\/02\/xdhydraulic-1.png&#8221; alt=&#8221;Especialistes en solucions hidr\u00e0uliques&#8221; title_text=&#8221;Especialistas en soluciones hidr\u00e1ulicas&#8221; _builder_version=&#8221;4.27.4&#8243; _module_preset=&#8221;default&#8221; global_colors_info=&#8221;{}&#8221;][\/et_pb_image][\/et_pb_column][\/et_pb_row][et_pb_row _builder_version=&#8221;4.27.4&#8243; _module_preset=&#8221;default&#8221; custom_padding=&#8221;||5px|||&#8221; global_colors_info=&#8221;{}&#8221;][et_pb_column type=&#8221;4_4&#8243; _builder_version=&#8221;4.27.4&#8243; _module_preset=&#8221;default&#8221; global_colors_info=&#8221;{}&#8221;][et_pb_text _builder_version=&#8221;4.27.4&#8243; _module_preset=&#8221;fe89140c-f05e-476d-82dd-07d31efb5880&#8243; global_colors_info=&#8221;{}&#8221;]<\/p>\n<h2 style=\"text-align: center;\">Qualitat, innovaci\u00f3 i tecnologia<\/h2>\n<p>[\/et_pb_text][\/et_pb_column][\/et_pb_row][et_pb_row column_structure=&#8221;1_2,1_2&#8243; _builder_version=&#8221;4.27.4&#8243; _module_preset=&#8221;default&#8221; global_colors_info=&#8221;{}&#8221;][et_pb_column type=&#8221;1_2&#8243; _builder_version=&#8221;4.27.4&#8243; _module_preset=&#8221;default&#8221; global_colors_info=&#8221;{}&#8221;][et_pb_image src=&#8221;https:\/\/xdhydraulic.com\/wp-content\/uploads\/2025\/02\/Reparacion-cilindro.png&#8221; alt=&#8221;Reparaci\u00f3 cilindre&#8221; title_text=&#8221;Reparaci\u00f3n cil\u00edndro&#8221; _builder_version=&#8221;4.27.4&#8243; _module_preset=&#8221;default&#8221; global_colors_info=&#8221;{}&#8221;][\/et_pb_image][\/et_pb_column][et_pb_column type=&#8221;1_2&#8243; _builder_version=&#8221;4.27.4&#8243; _module_preset=&#8221;default&#8221; global_colors_info=&#8221;{}&#8221;][et_pb_text _builder_version=&#8221;4.27.4&#8243; _module_preset=&#8221;default&#8221; text_font_size=&#8221;16px&#8221; global_colors_info=&#8221;{}&#8221;]<\/p>\n<p style=\"text-align: justify;\">Per a oferir els millors productes del mercat, comptem amb un parc de maquin\u00e0ria avan\u00e7ada que ens permet fabricar amb <strong>precisi\u00f3 i fiabilitat<\/strong>:<\/p>\n<p style=\"text-align: justify;\">&#8211; <strong>Torns manuals i CNC<\/strong> per a mecanitzat d&#8217;alta precisi\u00f3.<br \/>&#8211; <strong>Mandrinadora CNC<\/strong> per a un ajust perfecte.<br \/>&#8211; <strong>Lapidadora<\/strong> per a acabats impecables en camises.<br \/>&#8211; <strong>Banc de proves<\/strong> que garanteix el rendiment de cada cilindre.<br \/><strong>&#8211; Soldadura autom\u00e0tica<\/strong> per a acoblaments duradors.<\/p>\n<p style=\"text-align: justify;\">A m\u00e9s, implementem <strong>sistemes via Mesuren en els PLC dels nostres quadres el\u00e8ctrics de maniobra<\/strong>, assegurant un control eficient i automatitzat en cada aplicaci\u00f3.<\/p>\n<p>[\/et_pb_text][\/et_pb_column][\/et_pb_row][et_pb_row _builder_version=&#8221;4.27.4&#8243; _module_preset=&#8221;default&#8221; global_colors_info=&#8221;{}&#8221;][et_pb_column type=&#8221;4_4&#8243; _builder_version=&#8221;4.27.4&#8243; _module_preset=&#8221;default&#8221; global_colors_info=&#8221;{}&#8221;][et_pb_text _builder_version=&#8221;4.27.4&#8243; _module_preset=&#8221;default&#8221; header_2_font=&#8221;Inter|700|||||||&#8221; header_2_font_size=&#8221;52px&#8221; header_2_line_height=&#8221;1.3em&#8221; header_2_font_size_tablet=&#8221;52px&#8221; header_2_font_size_phone=&#8221;20px&#8221; header_2_font_size_last_edited=&#8221;on|phone&#8221; global_colors_info=&#8221;{}&#8221;]<\/p>\n<h2 data-start=\"454\" data-end=\"531\">Empresa especialitzada en disseny i fabricaci\u00f3 d&#8217;equips hidr\u00e0ulics<\/h2>\n<p>[\/et_pb_text][\/et_pb_column][\/et_pb_row][et_pb_row _builder_version=&#8221;4.27.4&#8243; _module_preset=&#8221;default&#8221; custom_margin=&#8221;-19px|auto||auto||&#8221; global_colors_info=&#8221;{}&#8221; column_structure=&#8221;1_2,1_2&#8243;][et_pb_column type=&#8221;1_2&#8243; _builder_version=&#8221;4.27.4&#8243; _module_preset=&#8221;default&#8221; global_colors_info=&#8221;{}&#8221;][et_pb_text _builder_version=&#8221;4.27.4&#8243; _module_preset=&#8221;default&#8221; text_font_size=&#8221;16px&#8221; global_colors_info=&#8221;{}&#8221;]<\/p>\n<p data-start=\"533\" data-end=\"693\">En <strong data-start=\"155\" data-end=\"177\">Ekisde Hidraulikat<\/strong>, no sols reparem, sin\u00f3 que tamb\u00e9 dissenyem i fabriquem <strong data-start=\"612\" data-end=\"647\">cilindres i equips hidr\u00e0ulics<\/strong> adaptats a les necessitats de cada sector.<\/p>\n<p data-start=\"695\" data-end=\"936\">\ud83d\udd39 <strong data-start=\"698\" data-end=\"716\">Disseny t\u00e8cnic<\/strong> de sistemes hidr\u00e0ulics personalitzats.<br data-start=\"756\" data-end=\"759\">\ud83d\udd39 Fabricaci\u00f3 amb <strong data-start=\"778\" data-end=\"805\">materials certificats<\/strong> i baix estrictes controls de qualitat.<br data-start=\"844\" data-end=\"847\">\ud83d\udd39 Acabats amb els <strong data-start=\"867\" data-end=\"891\">m\u00e9s alts est\u00e0ndards<\/strong> per a garantir rendiment i durabilitat.<\/p>\n<p data-start=\"938\" data-end=\"1048\">El nostre comprom\u00eds \u00e9s oferir solucions hidr\u00e0uliques de <strong data-start=\"994\" data-end=\"1027\">m\u00e0xima precisi\u00f3 i fiabilitat <\/strong>per a la ind\u00fastria.<\/p>\n<p>[\/et_pb_text][\/et_pb_column][et_pb_column type=&#8221;1_2&#8243; _builder_version=&#8221;4.27.4&#8243; _module_preset=&#8221;default&#8221; global_colors_info=&#8221;{}&#8221;][et_pb_image src=&#8221;https:\/\/xdhydraulic.com\/wp-content\/uploads\/2025\/06\/rampa-scaled.jpg&#8221; _builder_version=&#8221;4.27.4&#8243; _module_preset=&#8221;default&#8221; title_text=&#8221;rampa&#8221; hover_enabled=&#8221;0&#8243; sticky_enabled=&#8221;0&#8243;][\/et_pb_image][\/et_pb_column][\/et_pb_row][\/et_pb_section]<\/p>\n","protected":false},"excerpt":{"rendered":"<p>Sobre Nosaltres &nbsp;Especialistes en solucions hidr\u00e0uliquesEn Ekisde Hidraulikat, som una empresa l\u00edder en el disseny, fabricaci\u00f3 i manteniment de cilindres hidr\u00e0ulics i equips oleohidr\u00e1ulicos. La nostra experi\u00e8ncia i comprom\u00eds amb la innovaci\u00f3 ens han perm\u00e8s desenvolupar solucions per als sectors m\u00e9s exigents, com: \u2714 Sider\u00fargia\u2714 Mineria\u2714 Obres p\u00fabliques\u2714 Construcci\u00f3 naval\u2714 Maquin\u00e0ria industrial La nostra gamma [&hellip;]<\/p>\n","protected":false},"author":1,"featured_media":0,"parent":0,"menu_order":0,"comment_status":"closed","ping_status":"closed","template":"","meta":{"_et_pb_use_builder":"on","_et_pb_old_content":"","_et_gb_content_width":"","footnotes":""},"class_list":["post-521","page","type-page","status-publish","hentry"],"aioseo_notices":[],"_links":{"self":[{"href":"https:\/\/xdhydraulic.com\/ca\/wp-json\/wp\/v2\/pages\/521","targetHints":{"allow":["GET"]}}],"collection":[{"href":"https:\/\/xdhydraulic.com\/ca\/wp-json\/wp\/v2\/pages"}],"about":[{"href":"https:\/\/xdhydraulic.com\/ca\/wp-json\/wp\/v2\/types\/page"}],"author":[{"embeddable":true,"href":"https:\/\/xdhydraulic.com\/ca\/wp-json\/wp\/v2\/users\/1"}],"replies":[{"embeddable":true,"href":"https:\/\/xdhydraulic.com\/ca\/wp-json\/wp\/v2\/comments?post=521"}],"version-history":[{"count":0,"href":"https:\/\/xdhydraulic.com\/ca\/wp-json\/wp\/v2\/pages\/521\/revisions"}],"wp:attachment":[{"href":"https:\/\/xdhydraulic.com\/ca\/wp-json\/wp\/v2\/media?parent=521"}],"curies":[{"name":"wp","href":"https:\/\/api.w.org\/{rel}","templated":true}]}}