{"id":518,"date":"2025-02-14T09:48:17","date_gmt":"2025-02-14T08:48:17","guid":{"rendered":"https:\/\/xdhydraulic.com\/serveis\/"},"modified":"2025-06-19T10:34:43","modified_gmt":"2025-06-19T08:34:43","slug":"serveis","status":"publish","type":"page","link":"https:\/\/xdhydraulic.com\/ca\/serveis\/","title":{"rendered":"SERVEIS"},"content":{"rendered":"<p>[et_pb_section fb_built=&#8221;1&#8243; admin_label=&#8221;Header&#8221; _builder_version=&#8221;4.27.4&#8243; _module_preset=&#8221;default&#8221; use_background_color_gradient=&#8221;on&#8221; background_color_gradient_stops=&#8221;#f2f0eb 0%|rgba(242,240,235,0) 100%&#8221; background_color_gradient_overlays_image=&#8221;on&#8221; background_image=&#8221;https:\/\/xdhydraulic.com\/wp-content\/uploads\/2025\/03\/AdobeStock_580598618-scaled.jpeg&#8221; custom_padding=&#8221;8vw||0vw||false|false&#8221; border_radii=&#8221;off||||&#8221; collapsed=&#8221;on&#8221; global_colors_info=&#8221;{}&#8221;][et_pb_row _builder_version=&#8221;4.24.0&#8243; _module_preset=&#8221;default&#8221; max_width=&#8221;1800px&#8221; global_colors_info=&#8221;{}&#8221;][et_pb_column type=&#8221;4_4&#8243; _builder_version=&#8221;4.22.0&#8243; _module_preset=&#8221;default&#8221; global_colors_info=&#8221;{}&#8221;][et_pb_text _builder_version=&#8221;4.27.4&#8243; _module_preset=&#8221;d92fdc3e-c221-4940-8201-d4c4d6f771f2&#8243; max_width=&#8221;1440px&#8221; custom_margin=&#8221;||||false|false&#8221; header_font_size_phone=&#8221;35px&#8221; global_colors_info=&#8221;{}&#8221;]<\/p>\n<h1 style=\"text-align: center;\">Serveis<\/h1>\n<p>&nbsp;<\/p>\n<p>[\/et_pb_text][\/et_pb_column][\/et_pb_row][\/et_pb_section][et_pb_section fb_built=&#8221;1&#8243; admin_label=&#8221;About&#8221; _builder_version=&#8221;4.24.0&#8243; _module_preset=&#8221;default&#8221; custom_padding=&#8221;54px|||||&#8221; collapsed=&#8221;on&#8221; global_colors_info=&#8221;{}&#8221;][et_pb_row _builder_version=&#8221;4.27.4&#8243; _module_preset=&#8221;default&#8221; global_colors_info=&#8221;{}&#8221;][et_pb_column type=&#8221;4_4&#8243; _builder_version=&#8221;4.27.4&#8243; _module_preset=&#8221;default&#8221; global_colors_info=&#8221;{}&#8221;][et_pb_text _builder_version=&#8221;4.27.4&#8243; _module_preset=&#8221;default&#8221; text_font=&#8221;Inter|700|||||||&#8221; text_font_size=&#8221;20px&#8221; header_2_font=&#8221;Inter|700|||||||&#8221; header_2_font_size=&#8221;52px&#8221; text_font_size_tablet=&#8221;20px&#8221; text_font_size_phone=&#8221;20px&#8221; text_font_size_last_edited=&#8221;on|desktop&#8221; header_2_font_size_tablet=&#8221;52px&#8221; header_2_font_size_phone=&#8221;20px&#8221; header_2_font_size_last_edited=&#8221;on|phone&#8221; global_colors_info=&#8221;{}&#8221;]<\/p>\n<h2>Especialistes en equips hidr\u00e0ulics i fabricaci\u00f3 de cilindres<\/h2>\n<p>[\/et_pb_text][et_pb_text _builder_version=&#8221;4.27.4&#8243; _module_preset=&#8221;default&#8221; text_font_size=&#8221;16px&#8221; global_colors_info=&#8221;{}&#8221;]<\/p>\n<p style=\"text-align: justify;\">En <strong data-start=\"155\" data-end=\"177\">Ekisde Hidraulikat<\/strong>, som experts en la fabricaci\u00f3 de cilindres hidr\u00e0ulics i oferim una \u00e0mplia gamma de serveis hidr\u00e0ulics dissenyats per a maximitzar l&#8217;efici\u00e8ncia dels teus sistemes. Ens encarreguem de reparar, mantenir i instal\u00b7lar equips hidr\u00e0ulics amb la m\u00e0xima precisi\u00f3 i professionalisme. Amb la nostra \u00e0mplia experi\u00e8ncia i coneixement, garantim el correcte funcionament dels teus equips, allargant la seva vida \u00fatil i reduint al m\u00ednim els riscos de fallades imprevistes. Confia en nosaltres per a obtenir solucions personalitzades que s&#8217;adaptin perfectament a les necessitats del teu negoci.   <\/p>\n<p>[\/et_pb_text][\/et_pb_column][\/et_pb_row][et_pb_row column_structure=&#8221;1_3,1_3,1_3&#8243; _builder_version=&#8221;4.27.4&#8243; _module_preset=&#8221;default&#8221; global_colors_info=&#8221;{}&#8221;][et_pb_column type=&#8221;1_3&#8243; _builder_version=&#8221;4.27.4&#8243; _module_preset=&#8221;default&#8221; global_colors_info=&#8221;{}&#8221;][et_pb_image src=&#8221;https:\/\/xdhydraulic.com\/wp-content\/uploads\/2025\/01\/technician-checking-heating-system-boiler-room.jpg&#8221; title_text=&#8221;Reparaciones equipos hidr\u00e1ulicos&#8221; _builder_version=&#8221;4.27.4&#8243; _module_preset=&#8221;default&#8221; border_radii=&#8221;on|30px|30px|30px|30px&#8221; global_colors_info=&#8221;{}&#8221;][\/et_pb_image][et_pb_text _builder_version=&#8221;4.27.4&#8243; _module_preset=&#8221;default&#8221; text_font_size=&#8221;17px&#8221; text_line_height=&#8221;1.3em&#8221; global_colors_info=&#8221;{}&#8221;]<\/p>\n<h3 class=\"p1\" style=\"text-align: center;\"><strong>Reparacions equips hidr\u00e0ulics<\/strong><\/h3>\n<p>[\/et_pb_text][et_pb_button button_url=&#8221;@ET-DC@eyJkeW5hbWljIjp0cnVlLCJjb250ZW50IjoicG9zdF9saW5rX3VybF9wYWdlIiwic2V0dGluZ3MiOnsicG9zdF9pZCI6IjIxNCIsImVuYWJsZV9odG1sIjoib2ZmIn19@&#8221; button_text=&#8221;M\u00e9s informaci\u00f3&#8221; button_alignment=&#8221;center&#8221; _builder_version=&#8221;4.27.4&#8243; _dynamic_attributes=&#8221;button_url&#8221; _module_preset=&#8221;277c4fc3-ac7a-4794-894e-8e0e5c0fa6cb&#8221; custom_margin=&#8221;-20px|||||&#8221; hover_enabled=&#8221;0&#8243; locked=&#8221;off&#8221; global_colors_info=&#8221;{}&#8221; sticky_enabled=&#8221;0&#8243;][\/et_pb_button][\/et_pb_column][et_pb_column type=&#8221;1_3&#8243; _builder_version=&#8221;4.27.4&#8243; _module_preset=&#8221;default&#8221; global_colors_info=&#8221;{}&#8221;][et_pb_image src=&#8221;https:\/\/xdhydraulic.com\/wp-content\/uploads\/2025\/01\/car-mechanic-repairs-blue-car-rise-garage-scaled.jpg&#8221; title_text=&#8221;\u0421ar mechanic repairs blue car on rise in  garage&#8221; _builder_version=&#8221;4.27.4&#8243; _module_preset=&#8221;default&#8221; border_radii=&#8221;on|30px|30px|30px|30px&#8221; global_colors_info=&#8221;{}&#8221;][\/et_pb_image][et_pb_text _builder_version=&#8221;4.27.4&#8243; _module_preset=&#8221;default&#8221; text_font_size=&#8221;17px&#8221; text_line_height=&#8221;1.3em&#8221; global_colors_info=&#8221;{}&#8221;]<\/p>\n<h3 class=\"p1\" style=\"text-align: center;\"><strong>Manteniment equips hidr\u00e0ulics<\/strong><\/h3>\n<p>[\/et_pb_text][et_pb_button button_url=&#8221;@ET-DC@eyJkeW5hbWljIjp0cnVlLCJjb250ZW50IjoicG9zdF9saW5rX3VybF9wYWdlIiwic2V0dGluZ3MiOnsicG9zdF9pZCI6IjIzNSIsImVuYWJsZV9odG1sIjoib2ZmIn19@&#8221; button_text=&#8221;M\u00e9s informaci\u00f3&#8221; button_alignment=&#8221;center&#8221; _builder_version=&#8221;4.27.4&#8243; _dynamic_attributes=&#8221;button_url&#8221; _module_preset=&#8221;277c4fc3-ac7a-4794-894e-8e0e5c0fa6cb&#8221; custom_margin=&#8221;-20px|||||&#8221; hover_enabled=&#8221;0&#8243; locked=&#8221;off&#8221; global_colors_info=&#8221;{}&#8221; sticky_enabled=&#8221;0&#8243;][\/et_pb_button][\/et_pb_column][et_pb_column type=&#8221;1_3&#8243; _builder_version=&#8221;4.27.4&#8243; _module_preset=&#8221;default&#8221; global_colors_info=&#8221;{}&#8221;][et_pb_image src=&#8221;https:\/\/xdhydraulic.com\/wp-content\/uploads\/2025\/01\/steel-pipelines-cables-plant-scaled.jpg&#8221; title_text=&#8221;steel pipelines and cables in a plant&#8221; _builder_version=&#8221;4.27.4&#8243; _module_preset=&#8221;default&#8221; border_radii=&#8221;on|30px|30px|30px|30px&#8221; global_colors_info=&#8221;{}&#8221;][\/et_pb_image][et_pb_text _builder_version=&#8221;4.27.4&#8243; _module_preset=&#8221;default&#8221; text_font_size=&#8221;17px&#8221; text_line_height=&#8221;1.1em&#8221; global_colors_info=&#8221;{}&#8221;]<\/p>\n<h3 class=\"p1\" style=\"text-align: center;\"><strong>Instal\u00b7lacions equips hidr\u00e0ulics<\/strong><\/h3>\n<p>[\/et_pb_text][et_pb_button button_text=&#8221;M\u00e9s informaci\u00f3&#8221; button_alignment=&#8221;center&#8221; _builder_version=&#8221;4.27.4&#8243; _module_preset=&#8221;277c4fc3-ac7a-4794-894e-8e0e5c0fa6cb&#8221; custom_margin=&#8221;-20px|||||&#8221; hover_enabled=&#8221;0&#8243; locked=&#8221;off&#8221; global_colors_info=&#8221;{}&#8221; sticky_enabled=&#8221;0&#8243;][\/et_pb_button][\/et_pb_column][\/et_pb_row][\/et_pb_section]<\/p>\n","protected":false},"excerpt":{"rendered":"<p>Serveis &nbsp;Especialistes en equips hidr\u00e0ulics i fabricaci\u00f3 de cilindresEn Ekisde Hidraulikat, som experts en la fabricaci\u00f3 de cilindres hidr\u00e0ulics i oferim una \u00e0mplia gamma de serveis hidr\u00e0ulics dissenyats per a maximitzar l&#8217;efici\u00e8ncia dels teus sistemes. Ens encarreguem de reparar, mantenir i instal\u00b7lar equips hidr\u00e0ulics amb la m\u00e0xima precisi\u00f3 i professionalisme. Amb la nostra \u00e0mplia experi\u00e8ncia [&hellip;]<\/p>\n","protected":false},"author":1,"featured_media":0,"parent":0,"menu_order":0,"comment_status":"closed","ping_status":"closed","template":"","meta":{"_et_pb_use_builder":"on","_et_pb_old_content":"","_et_gb_content_width":"","footnotes":""},"class_list":["post-518","page","type-page","status-publish","hentry"],"aioseo_notices":[],"_links":{"self":[{"href":"https:\/\/xdhydraulic.com\/ca\/wp-json\/wp\/v2\/pages\/518","targetHints":{"allow":["GET"]}}],"collection":[{"href":"https:\/\/xdhydraulic.com\/ca\/wp-json\/wp\/v2\/pages"}],"about":[{"href":"https:\/\/xdhydraulic.com\/ca\/wp-json\/wp\/v2\/types\/page"}],"author":[{"embeddable":true,"href":"https:\/\/xdhydraulic.com\/ca\/wp-json\/wp\/v2\/users\/1"}],"replies":[{"embeddable":true,"href":"https:\/\/xdhydraulic.com\/ca\/wp-json\/wp\/v2\/comments?post=518"}],"version-history":[{"count":1,"href":"https:\/\/xdhydraulic.com\/ca\/wp-json\/wp\/v2\/pages\/518\/revisions"}],"predecessor-version":[{"id":525,"href":"https:\/\/xdhydraulic.com\/ca\/wp-json\/wp\/v2\/pages\/518\/revisions\/525"}],"wp:attachment":[{"href":"https:\/\/xdhydraulic.com\/ca\/wp-json\/wp\/v2\/media?parent=518"}],"curies":[{"name":"wp","href":"https:\/\/api.w.org\/{rel}","templated":true}]}}