{"id":516,"date":"2025-02-13T16:06:20","date_gmt":"2025-02-13T15:06:20","guid":{"rendered":"https:\/\/xdhydraulic.com\/reparacions-equips-hidraulics\/"},"modified":"2025-02-13T16:06:20","modified_gmt":"2025-02-13T15:06:20","slug":"reparacions-equips-hidraulics","status":"publish","type":"page","link":"https:\/\/xdhydraulic.com\/ca\/reparacions-equips-hidraulics\/","title":{"rendered":"Reparacions equips hidr\u00e0ulics"},"content":{"rendered":"<p>[et_pb_section fb_built=&#8221;1&#8243; admin_label=&#8221;Header&#8221; _builder_version=&#8221;4.27.4&#8243; _module_preset=&#8221;default&#8221; use_background_color_gradient=&#8221;on&#8221; background_color_gradient_stops=&#8221;#f2f0eb 0%|rgba(242,240,235,0) 100%&#8221; background_color_gradient_overlays_image=&#8221;on&#8221; background_image=&#8221;http:\/\/xdhydraulic.com\/wp-content\/uploads\/2025\/03\/AdobeStock_580598618-scaled.jpeg&#8221; parallax=&#8221;on&#8221; custom_padding=&#8221;8vw||0vw||false|false&#8221; hover_enabled=&#8221;0&#8243; border_radii=&#8221;off||||&#8221; collapsed=&#8221;on&#8221; global_colors_info=&#8221;{}&#8221; title_text=&#8221;Hydraulic cylinder&#8221; sticky_enabled=&#8221;0&#8243;][et_pb_row _builder_version=&#8221;4.24.0&#8243; _module_preset=&#8221;default&#8221; max_width=&#8221;1800px&#8221; global_colors_info=&#8221;{}&#8221;][et_pb_column type=&#8221;4_4&#8243; _builder_version=&#8221;4.22.0&#8243; _module_preset=&#8221;default&#8221; global_colors_info=&#8221;{}&#8221;][et_pb_text _builder_version=&#8221;4.27.4&#8243; _module_preset=&#8221;d92fdc3e-c221-4940-8201-d4c4d6f771f2&#8243; max_width=&#8221;1440px&#8221; custom_margin=&#8221;||||false|false&#8221; header_font_size_phone=&#8221;35px&#8221; global_colors_info=&#8221;{}&#8221;]<\/p>\n<h1 style=\"text-align: center;\">Reparacions equips hidr\u00e0ulics<\/h1>\n<p>&nbsp;<\/p>\n<p>[\/et_pb_text][\/et_pb_column][\/et_pb_row][\/et_pb_section][et_pb_section fb_built=&#8221;1&#8243; admin_label=&#8221;About&#8221; _builder_version=&#8221;4.24.0&#8243; _module_preset=&#8221;default&#8221; custom_padding=&#8221;54px|||||&#8221; collapsed=&#8221;on&#8221; global_colors_info=&#8221;{}&#8221;][et_pb_row _builder_version=&#8221;4.27.4&#8243; _module_preset=&#8221;default&#8221; global_colors_info=&#8221;{}&#8221;][et_pb_column type=&#8221;4_4&#8243; _builder_version=&#8221;4.27.4&#8243; _module_preset=&#8221;default&#8221; global_colors_info=&#8221;{}&#8221;][et_pb_text _builder_version=&#8221;4.27.4&#8243; _module_preset=&#8221;default&#8221; text_font_size=&#8221;16px&#8221; global_colors_info=&#8221;{}&#8221;]<\/p>\n<p style=\"text-align: justify;\">En <strong data-start=\"155\" data-end=\"177\">Ekisde Hidraulikat<\/strong> som especialistes en la <strong data-start=\"245\" data-end=\"298\">reparaci\u00f3 i manteniment d&#8217;equips hidr\u00e0ulics<\/strong> per a garantir el seu m\u00e0xim rendiment i prolongar la seva vida \u00fatil. Oferim solucions r\u00e0pides i eficaces per a tota mena de sistemes hidr\u00e0ulics, evitant parades innecess\u00e0ries i optimitzant la productivitat. <\/p>\n<p>[\/et_pb_text][\/et_pb_column][\/et_pb_row][et_pb_row _builder_version=&#8221;4.27.4&#8243; _module_preset=&#8221;default&#8221; global_colors_info=&#8221;{}&#8221;][et_pb_column type=&#8221;4_4&#8243; _builder_version=&#8221;4.27.4&#8243; _module_preset=&#8221;default&#8221; global_colors_info=&#8221;{}&#8221;][et_pb_text _builder_version=&#8221;4.27.4&#8243; _module_preset=&#8221;fe89140c-f05e-476d-82dd-07d31efb5880&#8243; global_colors_info=&#8221;{}&#8221;]<\/p>\n<h2 style=\"text-align: center;\">Serveis de reparaci\u00f3 hidr\u00e0ulica<\/h2>\n<p>[\/et_pb_text][\/et_pb_column][\/et_pb_row][et_pb_row column_structure=&#8221;1_2,1_2&#8243; _builder_version=&#8221;4.27.4&#8243; _module_preset=&#8221;default&#8221; global_colors_info=&#8221;{}&#8221;][et_pb_column type=&#8221;1_2&#8243; _builder_version=&#8221;4.27.4&#8243; _module_preset=&#8221;default&#8221; global_colors_info=&#8221;{}&#8221;][et_pb_text _builder_version=&#8221;4.27.4&#8243; _module_preset=&#8221;default&#8221; text_font_size=&#8221;16px&#8221; global_colors_info=&#8221;{}&#8221;]<\/p>\n<p data-start=\"558\" data-end=\"630\" style=\"text-align: left;\">Comptem amb un equip d&#8217;experts i tecnologia avan\u00e7ada per a reparar:<\/p>\n<ul data-start=\"632\" data-end=\"1050\">\n<li data-start=\"632\" data-end=\"712\" style=\"text-align: left;\"><strong data-start=\"634\" data-end=\"659\">Cilindres hidr\u00e0ulics:<\/strong> Diagn\u00f2stic, rectificaci\u00f3 i recondicionament.<\/li>\n<li data-start=\"713\" data-end=\"802\" style=\"text-align: left;\"><strong data-start=\"715\" data-end=\"737\">Grups hidr\u00e0ulics:<\/strong> Inspecci\u00f3, canvi de components i optimitzaci\u00f3 del sistema.<\/li>\n<li data-start=\"803\" data-end=\"877\" style=\"text-align: left;\"><strong data-start=\"805\" data-end=\"837\">Bombes i motors hidr\u00e0ulics<\/strong>: Reparaci\u00f3, ajust i posada a punt.<\/li>\n<li data-start=\"878\" data-end=\"958\" style=\"text-align: left;\"><strong data-start=\"880\" data-end=\"909\">V\u00e0lvules i distribu\u00efdors<\/strong>: Revisi\u00f3 i substituci\u00f3 de peces defectuoses.<\/li>\n<li data-start=\"959\" data-end=\"1050\" style=\"text-align: left;\"><strong data-start=\"961\" data-end=\"992\">Juntes i segells hidr\u00e0ulics<\/strong>: Canvi d&#8217;elements d&#8217;estanquitat per a evitar fugides.<\/li>\n<\/ul>\n<p>[\/et_pb_text][\/et_pb_column][et_pb_column type=&#8221;1_2&#8243; _builder_version=&#8221;4.27.4&#8243; _module_preset=&#8221;default&#8221; global_colors_info=&#8221;{}&#8221;][et_pb_image src=&#8221;http:\/\/xdhydraulic.com\/wp-content\/uploads\/2025\/02\/reparacion-averias-1.png&#8221; title_text=&#8221;reparacion-averias&#8221; _builder_version=&#8221;4.27.4&#8243; _module_preset=&#8221;default&#8221; global_colors_info=&#8221;{}&#8221;][\/et_pb_image][\/et_pb_column][\/et_pb_row][et_pb_row _builder_version=&#8221;4.27.4&#8243; _module_preset=&#8221;default&#8221; global_colors_info=&#8221;{}&#8221;][et_pb_column type=&#8221;4_4&#8243; _builder_version=&#8221;4.27.4&#8243; _module_preset=&#8221;default&#8221; global_colors_info=&#8221;{}&#8221;][et_pb_text _builder_version=&#8221;4.27.4&#8243; _module_preset=&#8221;fe89140c-f05e-476d-82dd-07d31efb5880&#8243; global_colors_info=&#8221;{}&#8221;]<\/p>\n<h2 style=\"text-align: center;\">Diagn\u00f2stic i soluci\u00f3 d&#8217;avaries<\/h2>\n<p>[\/et_pb_text][\/et_pb_column][\/et_pb_row][et_pb_row column_structure=&#8221;1_2,1_2&#8243; _builder_version=&#8221;4.27.4&#8243; _module_preset=&#8221;default&#8221; global_colors_info=&#8221;{}&#8221;][et_pb_column type=&#8221;1_2&#8243; _builder_version=&#8221;4.27.4&#8243; _module_preset=&#8221;default&#8221; global_colors_info=&#8221;{}&#8221;][et_pb_image src=&#8221;http:\/\/xdhydraulic.com\/wp-content\/uploads\/2025\/02\/reparacion-equipos-hidraulicos.png&#8221; title_text=&#8221;reparacion-equipos-hidraulicos&#8221; _builder_version=&#8221;4.27.4&#8243; _module_preset=&#8221;default&#8221; global_colors_info=&#8221;{}&#8221;][\/et_pb_image][\/et_pb_column][et_pb_column type=&#8221;1_2&#8243; _builder_version=&#8221;4.27.4&#8243; _module_preset=&#8221;default&#8221; global_colors_info=&#8221;{}&#8221;][et_pb_text _builder_version=&#8221;4.27.4&#8243; _module_preset=&#8221;default&#8221; text_font_size=&#8221;16px&#8221; global_colors_info=&#8221;{}&#8221;]<\/p>\n<p data-start=\"1643\" data-end=\"1781\">El nostre servei de diagn\u00f2stic ens permet detectar i corregir fallades en qualsevol <strong data-start=\"1727\" data-end=\"1748\">equip hidr\u00e0ulic<\/strong>. Identifiquem problemes com: <\/p>\n<ul data-start=\"1783\" data-end=\"1932\">\n<li data-start=\"1783\" data-end=\"1802\">Fugides d&#8217;oli<\/li>\n<li data-start=\"1803\" data-end=\"1825\">P\u00e8rdua de pressi\u00f3<\/li>\n<li data-start=\"1826\" data-end=\"1853\">Desgast de components<\/li>\n<li data-start=\"1854\" data-end=\"1888\">Sobreescalfament del sistema<\/li>\n<li data-start=\"1889\" data-end=\"1932\">Cops d&#8217;ariet i vibracions an\u00f2males<\/li>\n<\/ul>\n<p data-start=\"1934\" data-end=\"2045\">Utilitzem eines de precisi\u00f3 i banc de proves per a garantir reparacions <strong data-start=\"2019\" data-end=\"2042\">fiables i duradores<\/strong>.<\/p>\n<p>[\/et_pb_text][\/et_pb_column][\/et_pb_row][\/et_pb_section]<\/p>\n","protected":false},"excerpt":{"rendered":"<p>Reparacions equips hidr\u00e0ulics &nbsp;En Ekisde Hidraulikat som especialistes en la reparaci\u00f3 i manteniment d&#8217;equips hidr\u00e0ulics per a garantir el seu m\u00e0xim rendiment i prolongar la seva vida \u00fatil. Oferim solucions r\u00e0pides i eficaces per a tota mena de sistemes hidr\u00e0ulics, evitant parades innecess\u00e0ries i optimitzant la productivitat. Serveis de reparaci\u00f3 hidr\u00e0ulicaComptem amb un equip d&#8217;experts [&hellip;]<\/p>\n","protected":false},"author":1,"featured_media":0,"parent":0,"menu_order":0,"comment_status":"closed","ping_status":"closed","template":"","meta":{"_et_pb_use_builder":"on","_et_pb_old_content":"","_et_gb_content_width":"","footnotes":""},"class_list":["post-516","page","type-page","status-publish","hentry"],"aioseo_notices":[],"_links":{"self":[{"href":"https:\/\/xdhydraulic.com\/ca\/wp-json\/wp\/v2\/pages\/516","targetHints":{"allow":["GET"]}}],"collection":[{"href":"https:\/\/xdhydraulic.com\/ca\/wp-json\/wp\/v2\/pages"}],"about":[{"href":"https:\/\/xdhydraulic.com\/ca\/wp-json\/wp\/v2\/types\/page"}],"author":[{"embeddable":true,"href":"https:\/\/xdhydraulic.com\/ca\/wp-json\/wp\/v2\/users\/1"}],"replies":[{"embeddable":true,"href":"https:\/\/xdhydraulic.com\/ca\/wp-json\/wp\/v2\/comments?post=516"}],"version-history":[{"count":0,"href":"https:\/\/xdhydraulic.com\/ca\/wp-json\/wp\/v2\/pages\/516\/revisions"}],"wp:attachment":[{"href":"https:\/\/xdhydraulic.com\/ca\/wp-json\/wp\/v2\/media?parent=516"}],"curies":[{"name":"wp","href":"https:\/\/api.w.org\/{rel}","templated":true}]}}