{"id":515,"date":"2025-02-13T17:31:27","date_gmt":"2025-02-13T16:31:27","guid":{"rendered":"https:\/\/xdhydraulic.com\/manteniment-equips-hidraulics\/"},"modified":"2025-02-13T17:31:27","modified_gmt":"2025-02-13T16:31:27","slug":"manteniment-equips-hidraulics","status":"publish","type":"page","link":"https:\/\/xdhydraulic.com\/ca\/manteniment-equips-hidraulics\/","title":{"rendered":"Manteniment equips hidr\u00e0ulics"},"content":{"rendered":"<p>[et_pb_section fb_built=&#8221;1&#8243; admin_label=&#8221;Header&#8221; _builder_version=&#8221;4.27.4&#8243; _module_preset=&#8221;default&#8221; use_background_color_gradient=&#8221;on&#8221; background_color_gradient_stops=&#8221;#f2f0eb 0%|rgba(242,240,235,0) 100%&#8221; background_color_gradient_overlays_image=&#8221;on&#8221; background_image=&#8221;http:\/\/xdhydraulic.com\/wp-content\/uploads\/2025\/03\/AdobeStock_580598618-scaled.jpeg&#8221; parallax=&#8221;on&#8221; custom_padding=&#8221;8vw||0vw||false|false&#8221; hover_enabled=&#8221;0&#8243; border_radii=&#8221;off||||&#8221; collapsed=&#8221;on&#8221; global_colors_info=&#8221;{}&#8221; title_text=&#8221;Hydraulic cylinder&#8221; sticky_enabled=&#8221;0&#8243;][et_pb_row _builder_version=&#8221;4.24.0&#8243; _module_preset=&#8221;default&#8221; max_width=&#8221;1800px&#8221; global_colors_info=&#8221;{}&#8221;][et_pb_column type=&#8221;4_4&#8243; _builder_version=&#8221;4.22.0&#8243; _module_preset=&#8221;default&#8221; global_colors_info=&#8221;{}&#8221;][et_pb_text _builder_version=&#8221;4.27.4&#8243; _module_preset=&#8221;d92fdc3e-c221-4940-8201-d4c4d6f771f2&#8243; max_width=&#8221;1440px&#8221; custom_margin=&#8221;||||false|false&#8221; header_font_size_phone=&#8221;35px&#8221; global_colors_info=&#8221;{}&#8221;]<\/p>\n<h1 style=\"text-align: center;\">Manteniment equips hidr\u00e0ulics<\/h1>\n<p>&nbsp;<\/p>\n<p>[\/et_pb_text][\/et_pb_column][\/et_pb_row][\/et_pb_section][et_pb_section fb_built=&#8221;1&#8243; admin_label=&#8221;About&#8221; _builder_version=&#8221;4.24.0&#8243; _module_preset=&#8221;default&#8221; custom_padding=&#8221;54px|||||&#8221; collapsed=&#8221;on&#8221; global_colors_info=&#8221;{}&#8221;][et_pb_row _builder_version=&#8221;4.27.4&#8243; _module_preset=&#8221;default&#8221; global_colors_info=&#8221;{}&#8221;][et_pb_column type=&#8221;4_4&#8243; _builder_version=&#8221;4.27.4&#8243; _module_preset=&#8221;default&#8221; global_colors_info=&#8221;{}&#8221;][et_pb_text _builder_version=&#8221;4.27.4&#8243; _module_preset=&#8221;default&#8221; text_font_size=&#8221;16px&#8221; global_colors_info=&#8221;{}&#8221;]<\/p>\n<p style=\"text-align: justify;\">En <strong data-start=\"155\" data-end=\"177\">Ekisde Hidraulikat<\/strong>, oferim <strong data-start=\"201\" data-end=\"242\">serveis de manteniment hidr\u00e0ulic<\/strong> per a garantir l&#8217;\u00f2ptim funcionament dels teus equips i evitar avaries inesperades. Un sistema hidr\u00e0ulic ben mantingut r<strong data-start=\"366\" data-end=\"443\">edueix costos de reparaci\u00f3, millora l&#8217;efici\u00e8ncia i prolonga la seva vida \u00fatil.<\/strong> <\/p>\n<p>[\/et_pb_text][\/et_pb_column][\/et_pb_row][et_pb_row _builder_version=&#8221;4.27.4&#8243; _module_preset=&#8221;default&#8221; global_colors_info=&#8221;{}&#8221;][et_pb_column type=&#8221;4_4&#8243; _builder_version=&#8221;4.27.4&#8243; _module_preset=&#8221;default&#8221; global_colors_info=&#8221;{}&#8221;][et_pb_text _builder_version=&#8221;4.27.4&#8243; _module_preset=&#8221;fe89140c-f05e-476d-82dd-07d31efb5880&#8243; global_colors_info=&#8221;{}&#8221;]<\/p>\n<h2 style=\"text-align: center;\"> Tipus d&#8217;equips hidr\u00e0ulics<\/h2>\n<p>[\/et_pb_text][\/et_pb_column][\/et_pb_row][et_pb_row column_structure=&#8221;1_2,1_2&#8243; _builder_version=&#8221;4.27.4&#8243; _module_preset=&#8221;default&#8221; global_colors_info=&#8221;{}&#8221;][et_pb_column type=&#8221;1_2&#8243; _builder_version=&#8221;4.27.4&#8243; _module_preset=&#8221;default&#8221; global_colors_info=&#8221;{}&#8221;][et_pb_text _builder_version=&#8221;4.27.4&#8243; _module_preset=&#8221;default&#8221; text_font_size=&#8221;16px&#8221; global_colors_info=&#8221;{}&#8221;]<\/p>\n<p data-start=\"1887\" data-end=\"1973\">Realitzem manteniment en una \u00e0mplia varietat de sistemes hidr\u00e0ulics, incloent-hi:<\/p>\n<p data-start=\"1975\" data-end=\"2386\">\u2705 <strong data-start=\"1977\" data-end=\"2002\">Cilindres hidr\u00e0ulics<\/strong> \u2013 Revisi\u00f3 de segells, pistons i plan\u00e7ons.<\/p>\n<p data-start=\"1975\" data-end=\"2386\"><br data-start=\"2045\" data-end=\"2048\">\u2705 <strong data-start=\"2050\" data-end=\"2072\">Grups hidr\u00e0ulics <\/strong>\u2013 Inspecci\u00f3 de bombes, motors i dip\u00f2sits d&#8217;oli.<\/p>\n<p data-start=\"1975\" data-end=\"2386\"><br data-start=\"2127\" data-end=\"2130\">\u2705 <strong data-start=\"2132\" data-end=\"2161\">V\u00e0lvules i distribu\u00efdors <\/strong>\u2013 Comprovaci\u00f3 de funcionament i ajust de pressi\u00f3.<\/p>\n<p data-start=\"1975\" data-end=\"2386\"><br data-start=\"2215\" data-end=\"2218\">\u2705 <strong data-start=\"2220\" data-end=\"2244\">Sistemes de filtrat<\/strong> \u2013 Canvi de filtres per a evitar contaminaci\u00f3 de l&#8217;oli.<\/p>\n<p data-start=\"1975\" data-end=\"2386\"><br data-start=\"2302\" data-end=\"2305\">\u2705 <strong data-start=\"2307\" data-end=\"2333\">M\u00e0negues i connexions<\/strong> \u2013 Revisi\u00f3 per a evitar fugides i p\u00e8rdua de pressi\u00f3.<\/p>\n<p>[\/et_pb_text][\/et_pb_column][et_pb_column type=&#8221;1_2&#8243; _builder_version=&#8221;4.27.4&#8243; _module_preset=&#8221;default&#8221; global_colors_info=&#8221;{}&#8221;][et_pb_image src=&#8221;http:\/\/xdhydraulic.com\/wp-content\/uploads\/2025\/02\/arreglando-cilindro-hidraulico-1.png&#8221; title_text=&#8221;arreglando-cilindro-hidraulico&#8221; _builder_version=&#8221;4.27.4&#8243; _module_preset=&#8221;default&#8221; global_colors_info=&#8221;{}&#8221;][\/et_pb_image][\/et_pb_column][\/et_pb_row][et_pb_row _builder_version=&#8221;4.27.4&#8243; _module_preset=&#8221;default&#8221; global_colors_info=&#8221;{}&#8221;][et_pb_column type=&#8221;4_4&#8243; _builder_version=&#8221;4.27.4&#8243; _module_preset=&#8221;default&#8221; global_colors_info=&#8221;{}&#8221;][et_pb_text _builder_version=&#8221;4.27.4&#8243; _module_preset=&#8221;fe89140c-f05e-476d-82dd-07d31efb5880&#8243; global_colors_info=&#8221;{}&#8221;]<\/p>\n<h2 style=\"text-align: center;\">Beneficis del manteniment hidr\u00e0ulic<\/h2>\n<p>[\/et_pb_text][et_pb_text _builder_version=&#8221;4.27.4&#8243; _module_preset=&#8221;default&#8221; text_font_size=&#8221;16px&#8221; global_colors_info=&#8221;{}&#8221;]<\/p>\n<p>El manteniment adequat dels sistemes hidr\u00e0ulics \u00e9s clau per a garantir la seva <strong data-start=\"234\" data-end=\"273\">efici\u00e8ncia, seguretat i durabilitat<\/strong>. Un equip en bon estat no sols <strong data-start=\"308\" data-end=\"326\">funciona millor<\/strong>, sin\u00f3 que tamb\u00e9 <strong data-start=\"345\" data-end=\"387\">redueix el risc de fallades inesperades<\/strong>, la qual cosa es tradueix en <strong data-start=\"410\" data-end=\"461\">menors costos operatius i major productivitat<\/strong>. En <strong data-start=\"466\" data-end=\"481\">XDhydraulic<\/strong>, sabem que un manteniment preventiu i predictiu ben executat pot marcar la difer\u00e8ncia entre una maquin\u00e0ria fiable i costosos temps d&#8217;inactivitat.  <\/p>\n<p>[\/et_pb_text][\/et_pb_column][\/et_pb_row][et_pb_row column_structure=&#8221;1_2,1_2&#8243; _builder_version=&#8221;4.27.4&#8243; _module_preset=&#8221;default&#8221; global_colors_info=&#8221;{}&#8221;][et_pb_column type=&#8221;1_2&#8243; _builder_version=&#8221;4.27.4&#8243; _module_preset=&#8221;default&#8221; global_colors_info=&#8221;{}&#8221;][et_pb_image src=&#8221;http:\/\/xdhydraulic.com\/wp-content\/uploads\/2025\/02\/mantenimiento-cilindros.png&#8221; title_text=&#8221;mantenimiento-cilindros&#8221; _builder_version=&#8221;4.27.4&#8243; _module_preset=&#8221;default&#8221; global_colors_info=&#8221;{}&#8221;][\/et_pb_image][\/et_pb_column][et_pb_column type=&#8221;1_2&#8243; _builder_version=&#8221;4.27.4&#8243; _module_preset=&#8221;default&#8221; global_colors_info=&#8221;{}&#8221;][et_pb_text _builder_version=&#8221;4.27.4&#8243; _module_preset=&#8221;default&#8221; text_font_size=&#8221;16px&#8221; global_colors_info=&#8221;{}&#8221;]<\/p>\n<p data-start=\"1643\" data-end=\"1781\"><strong>Beneficis del Manteniment Hidr\u00e0ulic:<\/strong><\/p>\n<p data-start=\"1643\" data-end=\"1781\">\u2714 <strong>Major vida \u00fatil dels equips.<\/strong><\/p>\n<p data-start=\"1643\" data-end=\"1781\">El manteniment regular redueix el desgast dels components, evitant fallades prematures i prolongant la vida \u00fatil de cilindres, bombes i v\u00e0lvules hidr\u00e0uliques.<\/p>\n<p data-start=\"1643\" data-end=\"1781\">\u2714 <strong>Menor risc d&#8217;avaries i temps d&#8217;inactivitat.<\/strong><\/p>\n<p data-start=\"1643\" data-end=\"1781\">Les inspeccions peri\u00f2diques permeten detectar problemes abans que es converteixin en fallades greus, minimitzant parades imprevistes i augmentant la productivitat.<\/p>\n<p data-start=\"1643\" data-end=\"1781\">\u2714 <strong>Optimitzaci\u00f3 del consum energ\u00e8tic.<\/strong><\/p>\n<p data-start=\"1643\" data-end=\"1781\">Un sistema hidr\u00e0ulic en bon estat treballa amb major efici\u00e8ncia, reduint p\u00e8rdues de pressi\u00f3 i optimitzant l&#8217;\u00fas d&#8217;energia per a un rendiment m\u00e9s sostenible.<\/p>\n<p data-start=\"1643\" data-end=\"1781\">\u2714 <strong>Reducci\u00f3 de costos en reparacions inesperades.<\/strong><\/p>\n<p data-start=\"1643\" data-end=\"1781\">La prevenci\u00f3 de fallades evita costoses reparacions d&#8217;emerg\u00e8ncia i la substituci\u00f3 innecess\u00e0ria de peces, optimitzant el pressupost de manteniment.<\/p>\n<p data-start=\"1643\" data-end=\"1781\">\u2714 <strong>Major seguretat en l&#8217;operaci\u00f3 dels equips<\/strong>.<\/p>\n<p data-start=\"1643\" data-end=\"1781\">Un equip ben mantingut minimitza riscos de fugides, sobrepressions i fallades estructurals, garantint un entorn de treball segur per als operaris.<\/p>\n<p>[\/et_pb_text][\/et_pb_column][\/et_pb_row][\/et_pb_section]<\/p>\n","protected":false},"excerpt":{"rendered":"<p>Manteniment equips hidr\u00e0ulics &nbsp;En Ekisde Hidraulikat, oferim serveis de manteniment hidr\u00e0ulic per a garantir l&#8217;\u00f2ptim funcionament dels teus equips i evitar avaries inesperades. Un sistema hidr\u00e0ulic ben mantingut redueix costos de reparaci\u00f3, millora l&#8217;efici\u00e8ncia i prolonga la seva vida \u00fatil. Tipus d&#8217;equips hidr\u00e0ulicsRealitzem manteniment en una \u00e0mplia varietat de sistemes hidr\u00e0ulics, incloent-hi: \u2705 Cilindres hidr\u00e0ulics [&hellip;]<\/p>\n","protected":false},"author":1,"featured_media":0,"parent":0,"menu_order":0,"comment_status":"closed","ping_status":"closed","template":"","meta":{"_et_pb_use_builder":"on","_et_pb_old_content":"","_et_gb_content_width":"","footnotes":""},"class_list":["post-515","page","type-page","status-publish","hentry"],"aioseo_notices":[],"_links":{"self":[{"href":"https:\/\/xdhydraulic.com\/ca\/wp-json\/wp\/v2\/pages\/515","targetHints":{"allow":["GET"]}}],"collection":[{"href":"https:\/\/xdhydraulic.com\/ca\/wp-json\/wp\/v2\/pages"}],"about":[{"href":"https:\/\/xdhydraulic.com\/ca\/wp-json\/wp\/v2\/types\/page"}],"author":[{"embeddable":true,"href":"https:\/\/xdhydraulic.com\/ca\/wp-json\/wp\/v2\/users\/1"}],"replies":[{"embeddable":true,"href":"https:\/\/xdhydraulic.com\/ca\/wp-json\/wp\/v2\/comments?post=515"}],"version-history":[{"count":0,"href":"https:\/\/xdhydraulic.com\/ca\/wp-json\/wp\/v2\/pages\/515\/revisions"}],"wp:attachment":[{"href":"https:\/\/xdhydraulic.com\/ca\/wp-json\/wp\/v2\/media?parent=515"}],"curies":[{"name":"wp","href":"https:\/\/api.w.org\/{rel}","templated":true}]}}