{"id":514,"date":"2025-02-13T18:07:11","date_gmt":"2025-02-13T17:07:11","guid":{"rendered":"https:\/\/xdhydraulic.com\/instal%c2%b7lacio-equips-hidraulics\/"},"modified":"2025-02-13T18:07:11","modified_gmt":"2025-02-13T17:07:11","slug":"instal%c2%b7lacio-equips-hidraulics","status":"publish","type":"page","link":"https:\/\/xdhydraulic.com\/ca\/instal%c2%b7lacio-equips-hidraulics\/","title":{"rendered":"Instal\u00b7laci\u00f3 equips hidr\u00e0ulics"},"content":{"rendered":"<p>[et_pb_section fb_built=&#8221;1&#8243; admin_label=&#8221;Header&#8221; _builder_version=&#8221;4.27.4&#8243; _module_preset=&#8221;default&#8221; use_background_color_gradient=&#8221;on&#8221; background_color_gradient_stops=&#8221;#f2f0eb 0%|rgba(242,240,235,0) 100%&#8221; background_color_gradient_overlays_image=&#8221;on&#8221; background_image=&#8221;https:\/\/xdhydraulic.com\/wp-content\/uploads\/2025\/03\/AdobeStock_580598618-scaled.jpeg&#8221; parallax=&#8221;on&#8221; custom_padding=&#8221;8vw||0vw||false|false&#8221; border_radii=&#8221;off||||&#8221; collapsed=&#8221;on&#8221; global_colors_info=&#8221;{}&#8221;][et_pb_row _builder_version=&#8221;4.24.0&#8243; _module_preset=&#8221;default&#8221; max_width=&#8221;1800px&#8221; global_colors_info=&#8221;{}&#8221;][et_pb_column type=&#8221;4_4&#8243; _builder_version=&#8221;4.22.0&#8243; _module_preset=&#8221;default&#8221; global_colors_info=&#8221;{}&#8221;][et_pb_text _builder_version=&#8221;4.27.4&#8243; _module_preset=&#8221;d92fdc3e-c221-4940-8201-d4c4d6f771f2&#8243; max_width=&#8221;1440px&#8221; custom_margin=&#8221;||||false|false&#8221; header_font_size_phone=&#8221;35px&#8221; global_colors_info=&#8221;{}&#8221;]<\/p>\n<h1 style=\"text-align: center;\">Instal\u00b7laci\u00f3 equips hidr\u00e0ulics<\/h1>\n<p>&nbsp;<\/p>\n<p>[\/et_pb_text][\/et_pb_column][\/et_pb_row][\/et_pb_section][et_pb_section fb_built=&#8221;1&#8243; admin_label=&#8221;About&#8221; _builder_version=&#8221;4.24.0&#8243; _module_preset=&#8221;default&#8221; custom_padding=&#8221;54px|||||&#8221; collapsed=&#8221;on&#8221; global_colors_info=&#8221;{}&#8221;][et_pb_row _builder_version=&#8221;4.27.4&#8243; _module_preset=&#8221;default&#8221; global_colors_info=&#8221;{}&#8221;][et_pb_column type=&#8221;4_4&#8243; _builder_version=&#8221;4.27.4&#8243; _module_preset=&#8221;default&#8221; global_colors_info=&#8221;{}&#8221;][et_pb_text _builder_version=&#8221;4.27.4&#8243; _module_preset=&#8221;default&#8221; global_colors_info=&#8221;{}&#8221;]<\/p>\n<p style=\"text-align: justify;\">En <strong data-start=\"155\" data-end=\"177\">Ekisde Hidraulikat<\/strong>, oferim <strong data-start=\"201\" data-end=\"242\">serveis de manteniment hidr\u00e0ulic<\/strong> per a garantir l&#8217;\u00f2ptim funcionament dels teus equips i evitar avaries inesperades. Un sistema hidr\u00e0ulic ben mantingut r<strong data-start=\"366\" data-end=\"443\">edueix costos de reparaci\u00f3, millora l&#8217;efici\u00e8ncia i prolonga la seva vida \u00fatil.<\/strong> <\/p>\n<p>[\/et_pb_text][\/et_pb_column][\/et_pb_row][et_pb_row _builder_version=&#8221;4.27.4&#8243; _module_preset=&#8221;default&#8221; global_colors_info=&#8221;{}&#8221;][et_pb_column type=&#8221;4_4&#8243; _builder_version=&#8221;4.27.4&#8243; _module_preset=&#8221;default&#8221; global_colors_info=&#8221;{}&#8221;][et_pb_text _builder_version=&#8221;4.27.4&#8243; _module_preset=&#8221;fe89140c-f05e-476d-82dd-07d31efb5880&#8243; global_colors_info=&#8221;{}&#8221;]<\/p>\n<h2 style=\"text-align: center;\">Serveis d&#8217;instal\u00b7laci\u00f3 d&#8217;equips hidr\u00e0ulics<\/h2>\n<p>[\/et_pb_text][et_pb_text _builder_version=&#8221;4.27.4&#8243; _module_preset=&#8221;default&#8221; text_font_size=&#8221;16px&#8221; global_colors_info=&#8221;{}&#8221;]<\/p>\n<p>Comptem amb experi\u00e8ncia en la instal\u00b7laci\u00f3 d&#8217;una \u00e0mplia varietat d&#8217;equips i sistemes hidr\u00e0ulics. Entre els nostres serveis destaquen: <\/p>\n<p>[\/et_pb_text][\/et_pb_column][\/et_pb_row][et_pb_row column_structure=&#8221;1_3,1_3,1_3&#8243; _builder_version=&#8221;4.27.4&#8243; _module_preset=&#8221;default&#8221; global_colors_info=&#8221;{}&#8221;][et_pb_column type=&#8221;1_3&#8243; _builder_version=&#8221;4.27.4&#8243; _module_preset=&#8221;default&#8221; global_colors_info=&#8221;{}&#8221;][et_pb_text _builder_version=&#8221;4.27.4&#8243; _module_preset=&#8221;default&#8221; text_font_size=&#8221;16px&#8221; header_3_font_size=&#8221;18px&#8221; global_colors_info=&#8221;{}&#8221;]<\/p>\n<h3 data-start=\"1226\" data-end=\"1276\"><strong data-start=\"1234\" data-end=\"1274\">Instal\u00b7laci\u00f3 de cilindres hidr\u00e0ulics<\/strong><\/h3>\n<p data-start=\"1277\" data-end=\"1514\" style=\"text-align: justify;\">Els nostres t\u00e8cnics especialitzats s&#8217;encarreguen de la instal\u00b7laci\u00f3 precisa de cilindres hidr\u00e0ulics per a assegurar el seu rendiment adequat, ajustant les connexions, verificant l&#8217;alineaci\u00f3 i configurant els par\u00e0metres de funcionament.<\/p>\n<p>[\/et_pb_text][\/et_pb_column][et_pb_column type=&#8221;1_3&#8243; _builder_version=&#8221;4.27.4&#8243; _module_preset=&#8221;default&#8221; global_colors_info=&#8221;{}&#8221;][et_pb_text _builder_version=&#8221;4.27.4&#8243; _module_preset=&#8221;default&#8221; text_font_size=&#8221;16px&#8221; header_3_font_size=&#8221;18px&#8221; global_colors_info=&#8221;{}&#8221;]<\/p>\n<h3 data-start=\"1516\" data-end=\"1573\"><strong data-start=\"1524\" data-end=\"1571\">Instal\u00b7laci\u00f3 de bombes i motors hidr\u00e0ulics<\/strong><\/h3>\n<p data-start=\"1574\" data-end=\"1824\" style=\"text-align: justify;\">Instal\u00b7lem bombes i motors hidr\u00e0ulics que compleixen amb els requisits espec\u00edfics del teu sistema, assegurant que tot funcioni de manera eficient i fluida. Tamb\u00e9 ajustem els par\u00e0metres de pressi\u00f3, flux i pot\u00e8ncia per a maximitzar l&#8217;efici\u00e8ncia. <\/p>\n<p>[\/et_pb_text][\/et_pb_column][et_pb_column type=&#8221;1_3&#8243; _builder_version=&#8221;4.27.4&#8243; _module_preset=&#8221;default&#8221; global_colors_info=&#8221;{}&#8221;][et_pb_text _builder_version=&#8221;4.27.4&#8243; _module_preset=&#8221;default&#8221; header_3_font_size=&#8221;18px&#8221; global_colors_info=&#8221;{}&#8221;]<\/p>\n<h3 data-start=\"1826\" data-end=\"1880\" style=\"text-align: left;\"><strong data-start=\"1834\" data-end=\"1878\">Instal\u00b7laci\u00f3 de v\u00e0lvules i distribu\u00efdors<\/strong><\/h3>\n<p data-start=\"1881\" data-end=\"2098\" style=\"text-align: justify;\">Les v\u00e0lvules i distribu\u00efdors controlen el flux de fluids en un sistema hidr\u00e0ulic. Ens assegurem que estiguin correctament instal\u00b7lats i ajustats perqu\u00e8 ofereixin un control prec\u00eds i eficient dels fluids. <\/p>\n<p>[\/et_pb_text][\/et_pb_column][\/et_pb_row][et_pb_row column_structure=&#8221;1_3,1_3,1_3&#8243; _builder_version=&#8221;4.27.4&#8243; _module_preset=&#8221;default&#8221; global_colors_info=&#8221;{}&#8221;][et_pb_column type=&#8221;1_3&#8243; _builder_version=&#8221;4.27.4&#8243; _module_preset=&#8221;default&#8221; global_colors_info=&#8221;{}&#8221;][et_pb_text _builder_version=&#8221;4.27.4&#8243; _module_preset=&#8221;default&#8221; header_font_size=&#8221;18px&#8221; header_3_font_size=&#8221;18px&#8221; global_colors_info=&#8221;{}&#8221;]<\/p>\n<h3 data-start=\"2100\" data-end=\"2147\"><strong data-start=\"2108\" data-end=\"2145\">Instal\u00b7laci\u00f3 de grups hidr\u00e0ulics<\/strong><\/h3>\n<p data-start=\"2148\" data-end=\"2392\" style=\"text-align: justify;\">Realitzem la instal\u00b7laci\u00f3 de sistemes hidr\u00e0ulics complets, integrant cilindres, bombes, v\u00e0lvules i sistemes de control de manera eficient. Configurem els sistemes perqu\u00e8 treballin de manera \u00f2ptima segons les necessitats de cada client. <\/p>\n<p>[\/et_pb_text][\/et_pb_column][et_pb_column type=&#8221;1_3&#8243; _builder_version=&#8221;4.27.4&#8243; _module_preset=&#8221;default&#8221; global_colors_info=&#8221;{}&#8221;][et_pb_text _builder_version=&#8221;4.27.4&#8243; _module_preset=&#8221;default&#8221; header_3_font_size=&#8221;18px&#8221; global_colors_info=&#8221;{}&#8221;]<\/p>\n<h3 data-start=\"2394\" data-end=\"2468\"><strong data-start=\"2402\" data-end=\"2466\">Instal\u00b7laci\u00f3 de sistemes de filtrat i juntes d&#8217;estanquitat<\/strong><\/h3>\n<p data-start=\"2469\" data-end=\"2656\">Oferim la instal\u00b7laci\u00f3 de sistemes de filtrat i reempla\u00e7ament de juntes d&#8217;estanquitat per a prevenir la contaminaci\u00f3 de l&#8217;oli i mantenir el sistema hidr\u00e0ulic lliure de fugides i danys.<\/p>\n<p>[\/et_pb_text][\/et_pb_column][et_pb_column type=&#8221;1_3&#8243; _builder_version=&#8221;4.27.4&#8243; _module_preset=&#8221;default&#8221; global_colors_info=&#8221;{}&#8221;][et_pb_image src=&#8221;https:\/\/xdhydraulic.com\/wp-content\/uploads\/2025\/06\/cylinders-10-1.webp&#8221; title_text=&#8221;cylinders-10 (1)&#8221; _builder_version=&#8221;4.27.4&#8243; _module_preset=&#8221;default&#8221; hover_enabled=&#8221;0&#8243; global_colors_info=&#8221;{}&#8221; sticky_enabled=&#8221;0&#8243;][\/et_pb_image][\/et_pb_column][\/et_pb_row][\/et_pb_section]<\/p>\n","protected":false},"excerpt":{"rendered":"<p>Instal\u00b7laci\u00f3 equips hidr\u00e0ulics &nbsp;En Ekisde Hidraulikat, oferim serveis de manteniment hidr\u00e0ulic per a garantir l&#8217;\u00f2ptim funcionament dels teus equips i evitar avaries inesperades. Un sistema hidr\u00e0ulic ben mantingut redueix costos de reparaci\u00f3, millora l&#8217;efici\u00e8ncia i prolonga la seva vida \u00fatil. Serveis d&#8217;instal\u00b7laci\u00f3 d&#8217;equips hidr\u00e0ulicsComptem amb experi\u00e8ncia en la instal\u00b7laci\u00f3 d&#8217;una \u00e0mplia varietat d&#8217;equips i sistemes [&hellip;]<\/p>\n","protected":false},"author":1,"featured_media":0,"parent":0,"menu_order":0,"comment_status":"closed","ping_status":"closed","template":"","meta":{"_et_pb_use_builder":"on","_et_pb_old_content":"","_et_gb_content_width":"","footnotes":""},"class_list":["post-514","page","type-page","status-publish","hentry"],"aioseo_notices":[],"_links":{"self":[{"href":"https:\/\/xdhydraulic.com\/ca\/wp-json\/wp\/v2\/pages\/514","targetHints":{"allow":["GET"]}}],"collection":[{"href":"https:\/\/xdhydraulic.com\/ca\/wp-json\/wp\/v2\/pages"}],"about":[{"href":"https:\/\/xdhydraulic.com\/ca\/wp-json\/wp\/v2\/types\/page"}],"author":[{"embeddable":true,"href":"https:\/\/xdhydraulic.com\/ca\/wp-json\/wp\/v2\/users\/1"}],"replies":[{"embeddable":true,"href":"https:\/\/xdhydraulic.com\/ca\/wp-json\/wp\/v2\/comments?post=514"}],"version-history":[{"count":0,"href":"https:\/\/xdhydraulic.com\/ca\/wp-json\/wp\/v2\/pages\/514\/revisions"}],"wp:attachment":[{"href":"https:\/\/xdhydraulic.com\/ca\/wp-json\/wp\/v2\/media?parent=514"}],"curies":[{"name":"wp","href":"https:\/\/api.w.org\/{rel}","templated":true}]}}