{"id":512,"date":"2025-01-03T12:36:57","date_gmt":"2025-01-03T11:36:57","guid":{"rendered":"https:\/\/xdhydraulic.com\/inici\/"},"modified":"2025-06-19T11:21:55","modified_gmt":"2025-06-19T09:21:55","slug":"inici","status":"publish","type":"page","link":"https:\/\/xdhydraulic.com\/ca\/","title":{"rendered":"INICI"},"content":{"rendered":"<p>[et_pb_section fb_built=&#8221;1&#8243; admin_label=&#8221;Header&#8221; _builder_version=&#8221;4.27.4&#8243; _module_preset=&#8221;default&#8221; use_background_color_gradient=&#8221;on&#8221; background_color_gradient_stops=&#8221;#f2f0eb 0%|rgba(242,240,235,0) 100%&#8221; background_color_gradient_overlays_image=&#8221;on&#8221; background_image=&#8221;https:\/\/xdhydraulic.com\/wp-content\/uploads\/2025\/03\/AdobeStock_580598618-scaled.jpeg&#8221; parallax=&#8221;on&#8221; custom_padding=&#8221;8vw||0vw||false|false&#8221; border_radii=&#8221;off||||&#8221; collapsed=&#8221;on&#8221; global_colors_info=&#8221;{}&#8221;][et_pb_row _builder_version=&#8221;4.27.4&#8243; _module_preset=&#8221;default&#8221; width=&#8221;100%&#8221; global_colors_info=&#8221;{}&#8221;][et_pb_column type=&#8221;4_4&#8243; _builder_version=&#8221;4.22.0&#8243; _module_preset=&#8221;default&#8221; global_colors_info=&#8221;{}&#8221;][et_pb_text _builder_version=&#8221;4.27.4&#8243; _module_preset=&#8221;d92fdc3e-c221-4940-8201-d4c4d6f771f2&#8243; text_orientation=&#8221;center&#8221; max_width=&#8221;1440px&#8221; custom_margin=&#8221;||10px||false|false&#8221; header_font_size_phone=&#8221;35px&#8221; global_colors_info=&#8221;{}&#8221;]<\/p>\n<h1>Especialistes en Solucions Hidr\u00e0uliques<\/h1>\n<p>&nbsp;<\/p>\n<p>[\/et_pb_text][et_pb_text _builder_version=&#8221;4.27.4&#8243; _module_preset=&#8221;76a114c7-cb60-4539-b9e8-ca0b10cb3cdf&#8221; text_text_color=&#8221;gcid-2490e176-5733-4f77-b033-d0b72133e372&#8243; max_width=&#8221;1440px&#8221; header_2_font_size_tablet=&#8221;&#8221; header_2_font_size_phone=&#8221;18px&#8221; header_2_font_size_last_edited=&#8221;on|phone&#8221; global_colors_info=&#8221;{%22gcid-2490e176-5733-4f77-b033-d0b72133e372%22:%91%22text_text_color%22%93}&#8221;]<\/p>\n<h2 style=\"text-align: center;\"><strong>Manteniment i reparaci\u00f3 de tota mena d&#8217;instal\u00b7lacions hidr\u00e0uliques i mec\u00e0niques<\/strong><\/h2>\n<p>[\/et_pb_text][et_pb_button button_text=&#8221;Explora els nostres serveis&#8221; button_alignment=&#8221;center&#8221; _builder_version=&#8221;4.27.4&#8243; _module_preset=&#8221;277c4fc3-ac7a-4794-894e-8e0e5c0fa6cb&#8221; hover_enabled=&#8221;0&#8243; global_colors_info=&#8221;{}&#8221; button_url=&#8221;@ET-DC@eyJkeW5hbWljIjp0cnVlLCJjb250ZW50IjoicG9zdF9saW5rX3VybF9wYWdlIiwic2V0dGluZ3MiOnsicG9zdF9pZCI6IjMwOCJ9fQ==@&#8221; _dynamic_attributes=&#8221;button_url&#8221; sticky_enabled=&#8221;0&#8243;][\/et_pb_button][\/et_pb_column][\/et_pb_row][\/et_pb_section][et_pb_section fb_built=&#8221;1&#8243; admin_label=&#8221;About&#8221; _builder_version=&#8221;4.24.0&#8243; _module_preset=&#8221;default&#8221; collapsed=&#8221;on&#8221; global_colors_info=&#8221;{}&#8221;][et_pb_row _builder_version=&#8221;4.24.0&#8243; _module_preset=&#8221;default&#8221; max_width=&#8221;1800px&#8221; global_colors_info=&#8221;{}&#8221;][et_pb_column type=&#8221;4_4&#8243; _builder_version=&#8221;4.22.0&#8243; _module_preset=&#8221;default&#8221; global_colors_info=&#8221;{}&#8221;][et_pb_text _builder_version=&#8221;4.27.4&#8243; _module_preset=&#8221;fe89140c-f05e-476d-82dd-07d31efb5880&#8243; global_colors_info=&#8221;{}&#8221;]<\/p>\n<h2 style=\"text-align: center;\">Especialistes en fabricaci\u00f3 de cilindres hidr\u00e0ulics<\/h2>\n<p>[\/et_pb_text][et_pb_text _builder_version=&#8221;4.27.4&#8243; _module_preset=&#8221;ad9305c3-9adc-4d79-aad2-73bbd1ab521b&#8221; text_font=&#8221;||||||||&#8221; global_colors_info=&#8221;{}&#8221;]<\/p>\n<p style=\"text-align: center;\">Som experts en la fabricaci\u00f3 i manteniment de <strong>cilindres hidr\u00e0ulics<\/strong> dissenyats per a sectors exigents com:<\/p>\n<p style=\"text-align: center;\">[\/et_pb_text][\/et_pb_column][\/et_pb_row][et_pb_row column_structure=&#8221;1_4,1_4,1_4,1_4&#8243; _builder_version=&#8221;4.27.4&#8243; _module_preset=&#8221;default&#8221; global_colors_info=&#8221;{}&#8221;][et_pb_column type=&#8221;1_4&#8243; _builder_version=&#8221;4.27.4&#8243; _module_preset=&#8221;default&#8221; global_colors_info=&#8221;{}&#8221;][et_pb_blurb title=&#8221;Premses compactadores&#8221; image=&#8221;https:\/\/xdhydraulic.com\/wp-content\/uploads\/2025\/02\/maquina-de-prensa.png&#8221; icon_placement=&#8221;left&#8221; image_icon_width=&#8221;68px&#8221; _builder_version=&#8221;4.27.4&#8243; _module_preset=&#8221;default&#8221; header_level=&#8221;h3&#8243; body_font_size=&#8221;16px&#8221; text_orientation=&#8221;center&#8221; custom_margin_tablet=&#8221;&#8221; custom_margin_phone=&#8221;|||15px|false|false&#8221; custom_margin_last_edited=&#8221;on|phone&#8221; global_colors_info=&#8221;{}&#8221;]<\/p>\n<p style=\"text-align: center;\">Solucions d&#8217;alta resist\u00e8ncia per a processos de compactaci\u00f3.<\/p>\n<p>[\/et_pb_blurb][\/et_pb_column][et_pb_column type=&#8221;1_4&#8243; _builder_version=&#8221;4.27.4&#8243; _module_preset=&#8221;default&#8221; global_colors_info=&#8221;{}&#8221;][et_pb_blurb title=&#8221;Mineria&#8221; image=&#8221;https:\/\/xdhydraulic.com\/wp-content\/uploads\/2025\/02\/mineria.png&#8221; icon_placement=&#8221;left&#8221; image_icon_width=&#8221;83px&#8221; _builder_version=&#8221;4.27.4&#8243; _module_preset=&#8221;default&#8221; header_level=&#8221;h3&#8243; header_text_align=&#8221;center&#8221; body_font_size=&#8221;16px&#8221; global_colors_info=&#8221;{}&#8221;]<\/p>\n<p style=\"text-align: center;\">Cilindres robustos adaptats a les demandes del sector miner.<\/p>\n<p>[\/et_pb_blurb][\/et_pb_column][et_pb_column type=&#8221;1_4&#8243; _builder_version=&#8221;4.27.4&#8243; _module_preset=&#8221;default&#8221; global_colors_info=&#8221;{}&#8221;][et_pb_blurb title=&#8221;Construcci\u00f3 naval&#8221; image=&#8221;https:\/\/xdhydraulic.com\/wp-content\/uploads\/2025\/02\/vehiculo.png&#8221; icon_placement=&#8221;left&#8221; image_icon_width=&#8221;86px&#8221; _builder_version=&#8221;4.27.4&#8243; _module_preset=&#8221;default&#8221; header_level=&#8221;h3&#8243; body_font_size=&#8221;16px&#8221; text_orientation=&#8221;center&#8221; global_colors_info=&#8221;{}&#8221;]<\/p>\n<p style=\"text-align: center;\">Components fiables per a la ind\u00fastria naval.<\/p>\n<p>[\/et_pb_blurb][\/et_pb_column][et_pb_column type=&#8221;1_4&#8243; _builder_version=&#8221;4.27.4&#8243; _module_preset=&#8221;default&#8221; global_colors_info=&#8221;{}&#8221;][et_pb_blurb title=&#8221;Comportes de pressa&#8221; image=&#8221;https:\/\/xdhydraulic.com\/wp-content\/uploads\/2025\/02\/compuerta-presa.png&#8221; icon_placement=&#8221;left&#8221; image_icon_width=&#8221;62px&#8221; _builder_version=&#8221;4.27.4&#8243; _module_preset=&#8221;default&#8221; header_level=&#8221;h3&#8243; text_orientation=&#8221;center&#8221; custom_padding=&#8221;||||false|false&#8221; custom_padding_tablet=&#8221;||||false|false&#8221; custom_padding_phone=&#8221;|||15px|false|false&#8221; custom_padding_last_edited=&#8221;on|phone&#8221; global_colors_info=&#8221;{}&#8221;]<\/p>\n<p style=\"text-align: center;\">Cilindres dissenyats per a garantir el control i la seguretat.<\/p>\n<p>[\/et_pb_blurb][\/et_pb_column][\/et_pb_row][et_pb_row _builder_version=&#8221;4.27.4&#8243; _module_preset=&#8221;default&#8221; global_colors_info=&#8221;{}&#8221;][et_pb_column type=&#8221;4_4&#8243; _builder_version=&#8221;4.27.4&#8243; _module_preset=&#8221;default&#8221; global_colors_info=&#8221;{}&#8221;][et_pb_text _builder_version=&#8221;4.27.4&#8243; _module_preset=&#8221;default&#8221; text_font_size=&#8221;16px&#8221; global_colors_info=&#8221;{}&#8221;]<\/p>\n<p style=\"text-align: center;\">A m\u00e9s, oferim grups hidr\u00e0ulics i juntes d&#8217;estanquitat, garantint el m\u00e0xim rendiment i fiabilitat en cada projecte.<\/p>\n<p>[\/et_pb_text][et_pb_text _builder_version=&#8221;4.27.4&#8243; _module_preset=&#8221;fe89140c-f05e-476d-82dd-07d31efb5880&#8243; text_font_size=&#8221;30px&#8221; header_2_font_size_phone=&#8221;30px&#8221; global_colors_info=&#8221;{}&#8221;]<\/p>\n<h2 style=\"text-align: center;\">Els nostres serveis<\/h2>\n<p>[\/et_pb_text][\/et_pb_column][\/et_pb_row][et_pb_row column_structure=&#8221;1_3,1_3,1_3&#8243; _builder_version=&#8221;4.27.4&#8243; _module_preset=&#8221;default&#8221; global_colors_info=&#8221;{}&#8221;][et_pb_column type=&#8221;1_3&#8243; _builder_version=&#8221;4.27.4&#8243; _module_preset=&#8221;default&#8221; global_colors_info=&#8221;{}&#8221;][et_pb_image src=&#8221;https:\/\/xdhydraulic.com\/wp-content\/uploads\/2025\/01\/technician-checking-heating-system-boiler-room.jpg&#8221; alt=&#8221;Reparacions equips hidr\u00e0ulics&#8221; title_text=&#8221;Reparaciones equipos hidr\u00e1ulicos&#8221; _builder_version=&#8221;4.27.4&#8243; _module_preset=&#8221;default&#8221; border_radii=&#8221;on|30px|30px|30px|30px&#8221; global_colors_info=&#8221;{}&#8221;][\/et_pb_image][et_pb_text _builder_version=&#8221;4.27.4&#8243; _module_preset=&#8221;default&#8221; text_font_size=&#8221;17px&#8221; text_line_height=&#8221;1.3em&#8221; global_colors_info=&#8221;{}&#8221;]<\/p>\n<h3 class=\"p1\" style=\"text-align: center;\"><strong>Reparacions equips hidr\u00e0ulics<\/strong><\/h3>\n<p>[\/et_pb_text][et_pb_button button_url=&#8221;@ET-DC@eyJkeW5hbWljIjp0cnVlLCJjb250ZW50IjoicG9zdF9saW5rX3VybF9wYWdlIiwic2V0dGluZ3MiOnsicG9zdF9pZCI6IjIxNCIsImVuYWJsZV9odG1sIjoib2ZmIn19@&#8221; button_text=&#8221;M\u00e9s informaci\u00f3&#8221; button_alignment=&#8221;center&#8221; _builder_version=&#8221;4.27.4&#8243; _dynamic_attributes=&#8221;button_url&#8221; _module_preset=&#8221;277c4fc3-ac7a-4794-894e-8e0e5c0fa6cb&#8221; custom_margin=&#8221;-20px|||||&#8221; locked=&#8221;off&#8221; global_colors_info=&#8221;{}&#8221;][\/et_pb_button][\/et_pb_column][et_pb_column type=&#8221;1_3&#8243; _builder_version=&#8221;4.27.4&#8243; _module_preset=&#8221;default&#8221; global_colors_info=&#8221;{}&#8221;][et_pb_image src=&#8221;https:\/\/xdhydraulic.com\/wp-content\/uploads\/2025\/01\/car-mechanic-repairs-blue-car-rise-garage-scaled.jpg&#8221; alt=&#8221;Manteniment equips hidr\u00e0ulics&#8221; title_text=&#8221;Mantenimiento equipos hidr\u00e1ulicos&#8221; _builder_version=&#8221;4.27.4&#8243; _module_preset=&#8221;default&#8221; border_radii=&#8221;on|30px|30px|30px|30px&#8221; global_colors_info=&#8221;{}&#8221;][\/et_pb_image][et_pb_text _builder_version=&#8221;4.27.4&#8243; _module_preset=&#8221;default&#8221; text_font_size=&#8221;17px&#8221; text_line_height=&#8221;1.3em&#8221; global_colors_info=&#8221;{}&#8221;]<\/p>\n<h3 class=\"p1\" style=\"text-align: center;\"><strong>Manteniment equips hidr\u00e0ulics<\/strong><\/h3>\n<p>[\/et_pb_text][et_pb_button button_url=&#8221;@ET-DC@eyJkeW5hbWljIjp0cnVlLCJjb250ZW50IjoicG9zdF9saW5rX3VybF9wYWdlIiwic2V0dGluZ3MiOnsicG9zdF9pZCI6IjIzNSIsImVuYWJsZV9odG1sIjoib2ZmIn19@&#8221; button_text=&#8221;M\u00e9s informaci\u00f3&#8221; button_alignment=&#8221;center&#8221; _builder_version=&#8221;4.27.4&#8243; _dynamic_attributes=&#8221;button_url&#8221; _module_preset=&#8221;277c4fc3-ac7a-4794-894e-8e0e5c0fa6cb&#8221; custom_margin=&#8221;-20px|||||&#8221; locked=&#8221;off&#8221; global_colors_info=&#8221;{}&#8221;][\/et_pb_button][\/et_pb_column][et_pb_column type=&#8221;1_3&#8243; _builder_version=&#8221;4.27.4&#8243; _module_preset=&#8221;default&#8221; global_colors_info=&#8221;{}&#8221;][et_pb_image src=&#8221;https:\/\/xdhydraulic.com\/wp-content\/uploads\/2025\/01\/steel-pipelines-cables-plant-scaled.jpg&#8221; alt=&#8221;Instal\u00b7lacions equips hidr\u00e0ulics&#8221; title_text=&#8221;Instalaciones equipos hidr\u00e1ulicos&#8221; _builder_version=&#8221;4.27.4&#8243; _module_preset=&#8221;default&#8221; border_radii=&#8221;on|30px|30px|30px|30px&#8221; global_colors_info=&#8221;{}&#8221;][\/et_pb_image][et_pb_text _builder_version=&#8221;4.27.4&#8243; _module_preset=&#8221;default&#8221; text_font_size=&#8221;17px&#8221; text_line_height=&#8221;1.1em&#8221; global_colors_info=&#8221;{}&#8221;]<\/p>\n<h3 class=\"p1\" style=\"text-align: center;\"><strong>Instal\u00b7lacions equips hidr\u00e0ulics<\/strong><\/h3>\n<p>[\/et_pb_text][et_pb_button button_text=&#8221;M\u00e9s informaci\u00f3&#8221; button_alignment=&#8221;center&#8221; _builder_version=&#8221;4.27.4&#8243; _module_preset=&#8221;277c4fc3-ac7a-4794-894e-8e0e5c0fa6cb&#8221; custom_margin=&#8221;-20px|||||&#8221; locked=&#8221;off&#8221; global_colors_info=&#8221;{}&#8221;][\/et_pb_button][\/et_pb_column][\/et_pb_row][et_pb_row _builder_version=&#8221;4.27.4&#8243; _module_preset=&#8221;default&#8221; global_colors_info=&#8221;{}&#8221;][et_pb_column type=&#8221;4_4&#8243; _builder_version=&#8221;4.27.4&#8243; _module_preset=&#8221;default&#8221; global_colors_info=&#8221;{}&#8221;][et_pb_text _builder_version=&#8221;4.27.4&#8243; _module_preset=&#8221;fe89140c-f05e-476d-82dd-07d31efb5880&#8243; global_colors_info=&#8221;{}&#8221;]<\/p>\n<h2 style=\"text-align: center;\">Per qu\u00e8 triar-nos?<\/h2>\n<p>[\/et_pb_text][\/et_pb_column][\/et_pb_row][et_pb_row column_structure=&#8221;1_2,1_2&#8243; _builder_version=&#8221;4.27.4&#8243; _module_preset=&#8221;default&#8221; global_colors_info=&#8221;{}&#8221;][et_pb_column type=&#8221;1_2&#8243; _builder_version=&#8221;4.27.4&#8243; _module_preset=&#8221;default&#8221; global_colors_info=&#8221;{}&#8221;][et_pb_text _builder_version=&#8221;4.27.4&#8243; _module_preset=&#8221;ad9305c3-9adc-4d79-aad2-73bbd1ab521b&#8221; text_font=&#8221;||||||||&#8221; global_colors_info=&#8221;{}&#8221;]<\/p>\n<p style=\"text-align: justify;\">\n<p style=\"text-align: justify;\"><strong>Especialistes en solucions hidr\u00e0uliques:<\/strong> La nostra experi\u00e8ncia en la fabricaci\u00f3 i manteniment de cilindres hidr\u00e0ulics ens permet oferir solucions robustes i eficients per a premses compactadores, mineria, construcci\u00f3 naval i comportes de pressa.<\/p>\n<p style=\"text-align: justify;\"><strong>Tecnologia i precisi\u00f3:<\/strong> Comptem amb maquin\u00e0ria d&#8217;\u00faltima generaci\u00f3 per a garantir la m\u00e0xima qualitat en cada pe\u00e7a:<br \/>\u2714 Torns manuals i CNC per a mecanitzar d&#8217;alta precisi\u00f3.<br \/>\u2714 Mandrinadora CNC per a un ajust perfecte en cada cilindre.<br \/>\u2714 Lapidadora per a un acabat impecable en les camises.<br \/>\u2714 Banc de proves que assegura el rendiment \u00f2ptim de cada component.<br \/>\u2714 Soldadura autom\u00e0tica per a acoblaments duradors i resistents.<\/p>\n<p style=\"text-align: justify;\"><strong>Qualitat i durabilitat:<\/strong> Fabriquem cilindres i components hidr\u00e0ulics dissenyats per a suportar les condicions m\u00e9s exigents, garantint m\u00e0xima fiabilitat i llarga vida \u00fatil.<\/p>\n<p style=\"text-align: justify;\"><strong>Solucions personalitzades: <\/strong>Ens adaptem a les necessitats espec\u00edfiques de cada client, desenvolupant productes a mesura amb un servei t\u00e8cnic especialitzat.<\/p>\n<p style=\"text-align: justify;\">[\/et_pb_text][\/et_pb_column][et_pb_column type=&#8221;1_2&#8243; _builder_version=&#8221;4.27.4&#8243; _module_preset=&#8221;default&#8221; global_colors_info=&#8221;{}&#8221;][et_pb_image src=&#8221;https:\/\/xdhydraulic.com\/wp-content\/uploads\/2025\/06\/IMG-20151214-WA0003.jpg&#8221; alt=&#8221;Tecnologia i precisi\u00f3&#8221; title_text=&#8221;IMG-20151214-WA0003&#8243; _builder_version=&#8221;4.27.4&#8243; _module_preset=&#8221;default&#8221; global_colors_info=&#8221;{}&#8221;][\/et_pb_image][et_pb_image src=&#8221;https:\/\/xdhydraulic.com\/wp-content\/uploads\/2025\/02\/reparacion-equipos-hidraulicos.png&#8221; alt=&#8221;Qualitat i durabilitat&#8221; title_text=&#8221;Calidad y durabilidad&#8221; _builder_version=&#8221;4.27.4&#8243; _module_preset=&#8221;default&#8221; global_colors_info=&#8221;{}&#8221;][\/et_pb_image][\/et_pb_column][\/et_pb_row][\/et_pb_section][et_pb_section fb_built=&#8221;1&#8243; admin_label=&#8221;Services&#8221; _builder_version=&#8221;4.27.4&#8243; _module_preset=&#8221;default&#8221; background_color=&#8221;rgba(0,0,0,0.43)&#8221; background_image=&#8221;https:\/\/xdhydraulic.com\/wp-content\/uploads\/2025\/01\/steel-pipelines-cables-plant-1-scaled.jpg&#8221; background_blend=&#8221;overlay&#8221; max_width=&#8221;100%&#8221; custom_margin=&#8221;||||false|false&#8221; custom_padding=&#8221;||100px||false|false&#8221; collapsed=&#8221;on&#8221; global_colors_info=&#8221;{}&#8221;][et_pb_row _builder_version=&#8221;4.22.0&#8243; _module_preset=&#8221;default&#8221; max_width=&#8221;1800px&#8221; global_colors_info=&#8221;{}&#8221;][et_pb_column type=&#8221;4_4&#8243; _builder_version=&#8221;4.22.0&#8243; _module_preset=&#8221;default&#8221; global_colors_info=&#8221;{}&#8221;][et_pb_text _builder_version=&#8221;4.27.4&#8243; _module_preset=&#8221;fe89140c-f05e-476d-82dd-07d31efb5880&#8243; text_text_color=&#8221;#FFFFFF&#8221; header_2_text_color=&#8221;#FFFFFF&#8221; custom_margin=&#8221;-34px||-4px|||&#8221; global_colors_info=&#8221;{}&#8221;]<\/p>\n<h2 style=\"text-align: center;\">Contacta amb nosaltres<\/h2>\n<p>[\/et_pb_text][et_pb_code _builder_version=&#8221;4.27.4&#8243; _module_preset=&#8221;default&#8221; height=&#8221;620px&#8221; custom_padding=&#8221;0px||334px|||&#8221; global_colors_info=&#8221;{}&#8221;]\n<div class=\"wpcf7 no-js\" id=\"wpcf7-f526-o1\" lang=\"es-ES\" dir=\"ltr\" data-wpcf7-id=\"526\">\n<div class=\"screen-reader-response\"><p role=\"status\" aria-live=\"polite\" aria-atomic=\"true\"><\/p> <ul><\/ul><\/div>\n<form action=\"\/ca\/wp-json\/wp\/v2\/pages\/512#wpcf7-f526-o1\" method=\"post\" class=\"wpcf7-form init\" aria-label=\"Formulario de contacto\" novalidate=\"novalidate\" data-status=\"init\">\n<div style=\"display: none;\">\n<input type=\"hidden\" name=\"_wpcf7\" value=\"526\" \/>\n<input type=\"hidden\" name=\"_wpcf7_version\" value=\"6.0.2\" \/>\n<input type=\"hidden\" name=\"_wpcf7_locale\" value=\"es_ES\" \/>\n<input type=\"hidden\" name=\"_wpcf7_unit_tag\" value=\"wpcf7-f526-o1\" \/>\n<input type=\"hidden\" name=\"_wpcf7_container_post\" value=\"0\" \/>\n<input type=\"hidden\" name=\"_wpcf7_posted_data_hash\" value=\"\" \/>\n<\/div>\n<div class=\"styled-form\">\n\t<p><label for=\"your-name\"> Nom: <\/label><span class=\"wpcf7-form-control-wrap\" data-name=\"your-name\"><input size=\"40\" maxlength=\"400\" class=\"wpcf7-form-control wpcf7-text\" id=\"your-name\" aria-invalid=\"false\" placeholder=\"Nom complet\" value=\"\" type=\"text\" name=\"your-name\" \/><\/span><br \/>\n<label for=\"your-phone\">Tel\u00e8fon<\/label><span class=\"wpcf7-form-control-wrap\" data-name=\"your-phone\"><input size=\"40\" maxlength=\"400\" class=\"wpcf7-form-control wpcf7-tel wpcf7-text wpcf7-validates-as-tel\" id=\"your-phone\" aria-invalid=\"false\" placeholder=\"Tel\u00e8fon\" value=\"\" type=\"tel\" name=\"your-phone\" \/><\/span><br \/>\n<label for=\"your-email\">Correu electr\u00f2nic<\/label><span class=\"wpcf7-form-control-wrap\" data-name=\"your-email\"><input size=\"40\" maxlength=\"400\" class=\"wpcf7-form-control wpcf7-email wpcf7-validates-as-required wpcf7-text wpcf7-validates-as-email\" id=\"your-email\" aria-required=\"true\" aria-invalid=\"false\" placeholder=\"Correu electr\u00f2nic\" value=\"\" type=\"email\" name=\"your-email\" \/><\/span><br \/>\n<label for=\"your-message\">Missatge <\/label><span class=\"wpcf7-form-control-wrap\" data-name=\"your-message\"><textarea cols=\"40\" rows=\"10\" maxlength=\"2000\" class=\"wpcf7-form-control wpcf7-textarea\" id=\"your-message\" aria-invalid=\"false\" placeholder=\"Escriu el teu missatge aqu\u00ed...\" name=\"your-message\"><\/textarea><\/span>\n\t<\/p>\n\t<div class=\"acceptance-container\">\n\t\t<p><span class=\"wpcf7-form-control-wrap\" data-name=\"acceptance-753\"><span class=\"wpcf7-form-control wpcf7-acceptance\"><span class=\"wpcf7-list-item\"><label><input type=\"checkbox\" name=\"acceptance-753\" value=\"1\" id=\"acceptance-753\" aria-invalid=\"false\" \/><span class=\"wpcf7-list-item-label\">Dono el meu consentiment per al tractament de les meves dades per a la consulta i he llegit la pol\u00edtica de privacitat.<\/span><\/label><\/span><\/span><\/span>\n\t\t<\/p>\n\t<\/div>\n\t<p><input class=\"wpcf7-form-control wpcf7-submit has-spinner\" type=\"submit\" value=\"Enviar\" \/>\n\t<\/p>\n<\/div><div class=\"wpcf7-response-output\" aria-hidden=\"true\"><\/div>\n<\/form>\n<\/div>\n[\/et_pb_code][\/et_pb_column][\/et_pb_row][\/et_pb_section][et_pb_section fb_built=&#8221;1&#8243; admin_label=&#8221;Projects&#8221; _builder_version=&#8221;4.24.0&#8243; _module_preset=&#8221;default&#8221; background_color=&#8221;gcid-a93f2103-1d8b-43bb-b21d-81d84bba8b15&#8243; border_radii=&#8221;off|3vw|3vw||&#8221; collapsed=&#8221;on&#8221; global_colors_info=&#8221;{%22gcid-a93f2103-1d8b-43bb-b21d-81d84bba8b15%22:%91%22background_color%22%93}&#8221;][et_pb_row _builder_version=&#8221;4.22.0&#8243; _module_preset=&#8221;default&#8221; global_colors_info=&#8221;{}&#8221;][et_pb_column type=&#8221;4_4&#8243; _builder_version=&#8221;4.22.0&#8243; _module_preset=&#8221;default&#8221; global_colors_info=&#8221;{}&#8221;][et_pb_text _builder_version=&#8221;4.27.4&#8243; _module_preset=&#8221;fe89140c-f05e-476d-82dd-07d31efb5880&#8243; text_orientation=&#8221;center&#8221; global_colors_info=&#8221;{}&#8221;]<\/p>\n<h2>Projectes<\/h2>\n<p>[\/et_pb_text][\/et_pb_column][\/et_pb_row][et_pb_row column_structure=&#8221;1_2,1_2&#8243; _builder_version=&#8221;4.24.0&#8243; _module_preset=&#8221;default&#8221; max_width=&#8221;1800px&#8221; global_colors_info=&#8221;{}&#8221;][et_pb_column type=&#8221;1_2&#8243; _builder_version=&#8221;4.22.0&#8243; _module_preset=&#8221;default&#8221; global_colors_info=&#8221;{}&#8221;][et_pb_image src=&#8221;https:\/\/xdhydraulic.com\/wp-content\/uploads\/2025\/01\/133.jpg&#8221; alt=&#8221;Projectes personalitzats&#8221; title_text=&#8221;Proyectos personalizados&#8221; force_fullwidth=&#8221;on&#8221; _builder_version=&#8221;4.27.4&#8243; _module_preset=&#8221;default&#8221; scroll_horizontal_motion_enable=&#8221;on&#8221; scroll_horizontal_motion=&#8221;0|70|70|100|0.3|0|0&#8243; motion_trigger_start=&#8221;top&#8221; border_radii=&#8221;on|30px|30px|30px|30px&#8221; global_colors_info=&#8221;{}&#8221;][\/et_pb_image][et_pb_text _builder_version=&#8221;4.27.4&#8243; _module_preset=&#8221;a13f4d57-b86c-4745-8e07-683e7043a896&#8243; custom_margin=&#8221;||10px||false|false&#8221; global_colors_info=&#8221;{}&#8221;]<\/p>\n<h3 style=\"text-align: center;\">Projectes personalitzats<\/h3>\n<p>[\/et_pb_text][et_pb_button button_url=&#8221;@ET-DC@eyJkeW5hbWljIjp0cnVlLCJjb250ZW50IjoicG9zdF9saW5rX3VybF9wYWdlIiwic2V0dGluZ3MiOnsicG9zdF9pZCI6IjE3NyIsImVuYWJsZV9odG1sIjoib2ZmIn19@&#8221; button_text=&#8221;Contacta amb nosaltres&#8221; button_alignment=&#8221;center&#8221; _builder_version=&#8221;4.27.4&#8243; _dynamic_attributes=&#8221;button_url&#8221; _module_preset=&#8221;277c4fc3-ac7a-4794-894e-8e0e5c0fa6cb&#8221; custom_margin=&#8221;||||false|false&#8221; locked=&#8221;off&#8221; global_colors_info=&#8221;{}&#8221;][\/et_pb_button][\/et_pb_column][et_pb_column type=&#8221;1_2&#8243; _builder_version=&#8221;4.22.0&#8243; _module_preset=&#8221;default&#8221; global_colors_info=&#8221;{}&#8221;][et_pb_image src=&#8221;https:\/\/xdhydraulic.com\/wp-content\/uploads\/2025\/01\/17731.jpg&#8221; alt=&#8221;Projectes de sostenibilitat&#8221; title_text=&#8221;Proyectos de sostenibilidad&#8221; force_fullwidth=&#8221;on&#8221; _builder_version=&#8221;4.27.4&#8243; _module_preset=&#8221;default&#8221; scroll_horizontal_motion_enable=&#8221;on&#8221; scroll_horizontal_motion=&#8221;0|70|70|100|-0.3|0|0&#8243; motion_trigger_start=&#8221;top&#8221; border_radii=&#8221;on|30px|30px|30px|30px&#8221; global_colors_info=&#8221;{}&#8221;][\/et_pb_image][et_pb_text _builder_version=&#8221;4.27.4&#8243; _module_preset=&#8221;a13f4d57-b86c-4745-8e07-683e7043a896&#8243; custom_margin=&#8221;||10px||false|false&#8221; global_colors_info=&#8221;{}&#8221;]<\/p>\n<h3 style=\"text-align: center;\">Projectes de sostenibilitat<\/h3>\n<p>[\/et_pb_text][et_pb_button button_url=&#8221;@ET-DC@eyJkeW5hbWljIjp0cnVlLCJjb250ZW50IjoicG9zdF9saW5rX3VybF9wYWdlIiwic2V0dGluZ3MiOnsicG9zdF9pZCI6IjE3NyIsImVuYWJsZV9odG1sIjoib2ZmIn19@&#8221; button_text=&#8221;Contacta amb nosaltres&#8221; button_alignment=&#8221;center&#8221; _builder_version=&#8221;4.27.4&#8243; _dynamic_attributes=&#8221;button_url&#8221; _module_preset=&#8221;277c4fc3-ac7a-4794-894e-8e0e5c0fa6cb&#8221; custom_margin=&#8221;||||false|false&#8221; locked=&#8221;off&#8221; global_colors_info=&#8221;{}&#8221;][\/et_pb_button][\/et_pb_column][\/et_pb_row][\/et_pb_section]<\/p>\n","protected":false},"excerpt":{"rendered":"<p>Especialistes en Solucions Hidr\u00e0uliques &nbsp;Manteniment i reparaci\u00f3 de tota mena d&#8217;instal\u00b7lacions hidr\u00e0uliques i mec\u00e0niquesEspecialistes en fabricaci\u00f3 de cilindres hidr\u00e0ulicsSom experts en la fabricaci\u00f3 i manteniment de cilindres hidr\u00e0ulics dissenyats per a sectors exigents com: Solucions d&#8217;alta resist\u00e8ncia per a processos de compactaci\u00f3.Cilindres robustos adaptats a les demandes del sector miner.Components fiables per a la ind\u00fastria [&hellip;]<\/p>\n","protected":false},"author":1,"featured_media":0,"parent":0,"menu_order":0,"comment_status":"closed","ping_status":"closed","template":"","meta":{"_et_pb_use_builder":"on","_et_pb_old_content":"","_et_gb_content_width":"","footnotes":""},"class_list":["post-512","page","type-page","status-publish","hentry"],"aioseo_notices":[],"_links":{"self":[{"href":"https:\/\/xdhydraulic.com\/ca\/wp-json\/wp\/v2\/pages\/512","targetHints":{"allow":["GET"]}}],"collection":[{"href":"https:\/\/xdhydraulic.com\/ca\/wp-json\/wp\/v2\/pages"}],"about":[{"href":"https:\/\/xdhydraulic.com\/ca\/wp-json\/wp\/v2\/types\/page"}],"author":[{"embeddable":true,"href":"https:\/\/xdhydraulic.com\/ca\/wp-json\/wp\/v2\/users\/1"}],"replies":[{"embeddable":true,"href":"https:\/\/xdhydraulic.com\/ca\/wp-json\/wp\/v2\/comments?post=512"}],"version-history":[{"count":4,"href":"https:\/\/xdhydraulic.com\/ca\/wp-json\/wp\/v2\/pages\/512\/revisions"}],"predecessor-version":[{"id":538,"href":"https:\/\/xdhydraulic.com\/ca\/wp-json\/wp\/v2\/pages\/512\/revisions\/538"}],"wp:attachment":[{"href":"https:\/\/xdhydraulic.com\/ca\/wp-json\/wp\/v2\/media?parent=512"}],"curies":[{"name":"wp","href":"https:\/\/api.w.org\/{rel}","templated":true}]}}